{"id":4808,"date":"2021-11-08T02:09:41","date_gmt":"2021-11-08T01:09:41","guid":{"rendered":"https:\/\/www.cplaw.rs\/?page_id=4808"},"modified":"2022-10-04T09:39:03","modified_gmt":"2022-10-04T07:39:03","slug":"adria-legal-group","status":"publish","type":"page","link":"https:\/\/www.cplaw.rs\/sr\/adria-legal-group\/","title":{"rendered":"Adria Legal Group"},"content":{"rendered":"\t\t<div data-elementor-type=\"wp-page\" data-elementor-id=\"4808\" class=\"elementor elementor-4808 elementor-4807\">\n\t\t\t\t\t\t<section class=\"elementor-section elementor-top-section elementor-element elementor-element-beec32c elementor-section-full_width elementor-section-height-min-height elementor-section-height-default elementor-section-items-middle\" data-id=\"beec32c\" data-element_type=\"section\">\n\t\t\t\t\t\t<div class=\"elementor-container elementor-column-gap-default\">\n\t\t\t\t\t<div class=\"elementor-column elementor-col-50 elementor-top-column elementor-element elementor-element-1876d40 elementor-hidden-tablet elementor-hidden-phone\" data-id=\"1876d40\" data-element_type=\"column\">\n\t\t\t<div class=\"elementor-widget-wrap\">\n\t\t\t\t\t\t\t<\/div>\n\t\t<\/div>\n\t\t\t\t<div class=\"elementor-column elementor-col-50 elementor-top-column elementor-element elementor-element-6d32cf9 cp-place\" data-id=\"6d32cf9\" data-element_type=\"column\">\n\t\t\t<div class=\"elementor-widget-wrap elementor-element-populated\">\n\t\t\t\t\t\t<div class=\"elementor-element elementor-element-af5dd5b elementor-invisible elementor-widget elementor-widget-image\" data-id=\"af5dd5b\" data-element_type=\"widget\" data-settings=\"{&quot;_animation&quot;:&quot;fadeIn&quot;}\" data-widget_type=\"image.default\">\n\t\t\t\t<div class=\"elementor-widget-container\">\n\t\t\t\t\t\t\t\t\t\t\t\t\t\t\t<img fetchpriority=\"high\" decoding=\"async\" width=\"1381\" height=\"759\" src=\"https:\/\/www.cplaw.rs\/wp-content\/uploads\/2021\/11\/iStock-1155488047.jpeg\" class=\"attachment-full size-full wp-image-4814\" alt=\"Adria Legal Group\" srcset=\"https:\/\/www.cplaw.rs\/wp-content\/uploads\/2021\/11\/iStock-1155488047.jpeg 1381w, https:\/\/www.cplaw.rs\/wp-content\/uploads\/2021\/11\/iStock-1155488047-300x165.jpeg 300w, https:\/\/www.cplaw.rs\/wp-content\/uploads\/2021\/11\/iStock-1155488047-1024x563.jpeg 1024w, https:\/\/www.cplaw.rs\/wp-content\/uploads\/2021\/11\/iStock-1155488047-768x422.jpeg 768w\" sizes=\"(max-width: 1381px) 100vw, 1381px\" \/>\t\t\t\t\t\t\t\t\t\t\t\t\t\t\t<\/div>\n\t\t\t\t<\/div>\n\t\t\t\t\t<\/div>\n\t\t<\/div>\n\t\t\t\t\t<\/div>\n\t\t<\/section>\n\t\t\t\t<section class=\"elementor-section elementor-top-section elementor-element elementor-element-a21dcd4 elementor-section-boxed elementor-section-height-default elementor-section-height-default\" data-id=\"a21dcd4\" data-element_type=\"section\">\n\t\t\t\t\t\t<div class=\"elementor-container elementor-column-gap-default\">\n\t\t\t\t\t<div class=\"elementor-column elementor-col-100 elementor-top-column elementor-element elementor-element-0931999\" data-id=\"0931999\" data-element_type=\"column\">\n\t\t\t<div class=\"elementor-widget-wrap elementor-element-populated\">\n\t\t\t\t\t\t<div class=\"elementor-element elementor-element-6dc6df8 elementor-invisible elementor-widget elementor-widget-heading\" data-id=\"6dc6df8\" data-element_type=\"widget\" data-settings=\"{&quot;_animation&quot;:&quot;fadeIn&quot;,&quot;_animation_delay&quot;:300}\" data-widget_type=\"heading.default\">\n\t\t\t\t<div class=\"elementor-widget-container\">\n\t\t\t\t\t<h1 class=\"elementor-heading-title elementor-size-default\">Adria Legal Group<\/h1>\t\t\t\t<\/div>\n\t\t\t\t<\/div>\n\t\t\t\t\t<\/div>\n\t\t<\/div>\n\t\t\t\t\t<\/div>\n\t\t<\/section>\n\t\t\t\t<section class=\"elementor-section elementor-top-section elementor-element elementor-element-19d7b68 elementor-section-boxed elementor-section-height-default elementor-section-height-default\" data-id=\"19d7b68\" data-element_type=\"section\">\n\t\t\t\t\t\t<div class=\"elementor-container elementor-column-gap-default\">\n\t\t\t\t\t<div class=\"elementor-column elementor-col-100 elementor-top-column elementor-element elementor-element-e6207c9\" data-id=\"e6207c9\" data-element_type=\"column\">\n\t\t\t<div class=\"elementor-widget-wrap elementor-element-populated\">\n\t\t\t\t\t\t<section class=\"elementor-section elementor-inner-section elementor-element elementor-element-5faa674 elementor-section-boxed elementor-section-height-default elementor-section-height-default\" data-id=\"5faa674\" data-element_type=\"section\">\n\t\t\t\t\t\t<div class=\"elementor-container elementor-column-gap-default\">\n\t\t\t\t\t<div class=\"elementor-column elementor-col-100 elementor-inner-column elementor-element elementor-element-c830017\" data-id=\"c830017\" data-element_type=\"column\">\n\t\t\t<div class=\"elementor-widget-wrap elementor-element-populated\">\n\t\t\t\t\t\t<div class=\"elementor-element elementor-element-32c7178 elementor-widget elementor-widget-text-editor\" data-id=\"32c7178\" data-element_type=\"widget\" data-widget_type=\"text-editor.default\">\n\t\t\t\t<div class=\"elementor-widget-container\">\n\t\t\t\t\t\t\t\t\t<p style=\"text-align: justify;\">Adria Legal Group je integrisano regionalno udru\u017eenje i mre\u017ea od 7 samostalnih advokatskih kancelarija \u2013 iz Bosne i Hercegovine, Hrvatske, Kosova, Severne Makedonije, Crne Gore, Srbije i Slovenije \u2013 koje se izdvajaju opse\u017enim poznavanjem lokalnih i regionalnih pravnih okvira, tr\u017ei\u0161ta, politike, kulture, i imaju dugogodi\u0161nje zna\u010dajno prekograni\u010dno iskustvo u pru\u017eanju pravnih usluga u razli\u010ditim nadle\u017enostima i industrijskim sektorima, kako regionalnim tako i me\u0111unarodnim klijentima.<\/p>\t\t\t\t\t\t\t\t<\/div>\n\t\t\t\t<\/div>\n\t\t\t\t<div class=\"elementor-element elementor-element-b03e3e9 elementor-widget elementor-widget-text-editor\" data-id=\"b03e3e9\" data-element_type=\"widget\" data-widget_type=\"text-editor.default\">\n\t\t\t\t<div class=\"elementor-widget-container\">\n\t\t\t\t\t\t\t\t\t<p style=\"text-align: justify;\">U drugoj fazi se planira uklju\u010denje kancelarija iz Albanije, Bugarske, Ma\u0111arske i Rumunije. Mre\u017ea je rezultat saradnje CSJ sa slovena\u010dkom advokatskom kancelarijom Zavr\u0161ek &amp; \u0160najder iz Ljubljane. Sedi\u0161te mre\u017ee \u0107e biti u Beogradu sa predstavni\u0161tvom u Ljubljani.<\/p><p><a href=\"http:\/\/adrialegal.com\/pocetna\">Adria Legal Group<\/a><\/p>\t\t\t\t\t\t\t\t<\/div>\n\t\t\t\t<\/div>\n\t\t\t\t\t<\/div>\n\t\t<\/div>\n\t\t\t\t\t<\/div>\n\t\t<\/section>\n\t\t\t\t\t<\/div>\n\t\t<\/div>\n\t\t\t\t\t<\/div>\n\t\t<\/section>\n\t\t\t\t<\/div>\n\t\t","protected":false},"excerpt":{"rendered":"<p>Adria Legal Group Adria Legal Group je integrisano regionalno udru\u017eenje i mre\u017ea od 7 samostalnih advokatskih kancelarija \u2013 iz Bosne i Hercegovine, Hrvatske, Kosova, Severne Makedonije, Crne Gore, Srbije i Slovenije \u2013 koje se izdvajaju opse\u017enim poznavanjem lokalnih i regionalnih pravnih okvira, tr\u017ei\u0161ta, politike, kulture, i imaju dugogodi\u0161nje zna\u010dajno prekograni\u010dno iskustvo u pru\u017eanju pravnih usluga [&hellip;]<\/p>\n","protected":false},"author":1,"featured_media":0,"parent":0,"menu_order":0,"comment_status":"closed","ping_status":"closed","template":"","meta":{"footnotes":""},"class_list":["post-4808","page","type-page","status-publish","hentry"],"yoast_head":"<!-- This site is optimized with the Yoast SEO plugin v27.4 - https:\/\/yoast.com\/product\/yoast-seo-wordpress\/ -->\n<title>Adria Legal Group &#8212; CSJ Law Office<\/title>\n<meta name=\"robots\" content=\"index, follow, max-snippet:-1, max-image-preview:large, max-video-preview:-1\" \/>\n<link rel=\"canonical\" href=\"https:\/\/www.cplaw.rs\/sr\/adria-legal-group\/\" \/>\n<meta property=\"og:locale\" content=\"sr_RS\" \/>\n<meta property=\"og:type\" content=\"article\" \/>\n<meta property=\"og:title\" content=\"Adria Legal Group &#8212; CSJ Law Office\" \/>\n<meta property=\"og:description\" content=\"Adria Legal Group Adria Legal Group je integrisano regionalno udru\u017eenje i mre\u017ea od 7 samostalnih advokatskih kancelarija \u2013 iz Bosne i Hercegovine, Hrvatske, Kosova, Severne Makedonije, Crne Gore, Srbije i Slovenije \u2013 koje se izdvajaju opse\u017enim poznavanjem lokalnih i regionalnih pravnih okvira, tr\u017ei\u0161ta, politike, kulture, i imaju dugogodi\u0161nje zna\u010dajno prekograni\u010dno iskustvo u pru\u017eanju pravnih usluga [&hellip;]\" \/>\n<meta property=\"og:url\" content=\"https:\/\/www.cplaw.rs\/sr\/adria-legal-group\/\" \/>\n<meta property=\"og:site_name\" content=\"CSJ Law Office\" \/>\n<meta property=\"article:modified_time\" content=\"2022-10-04T07:39:03+00:00\" \/>\n<meta property=\"og:image\" content=\"https:\/\/www.cplaw.rs\/wp-content\/uploads\/2021\/11\/iStock-1155488047.jpeg\" \/>\n<meta name=\"twitter:card\" content=\"summary_large_image\" \/>\n<meta name=\"twitter:label1\" content=\"Procenjeno vreme \u010ditanja\" \/>\n\t<meta name=\"twitter:data1\" content=\"1 minut\" \/>\n<script type=\"application\/ld+json\" class=\"yoast-schema-graph\">{\"@context\":\"https:\\\/\\\/schema.org\",\"@graph\":[{\"@type\":\"WebPage\",\"@id\":\"https:\\\/\\\/www.cplaw.rs\\\/sr\\\/adria-legal-group\\\/\",\"url\":\"https:\\\/\\\/www.cplaw.rs\\\/sr\\\/adria-legal-group\\\/\",\"name\":\"Adria Legal Group &#8212; CSJ Law Office\",\"isPartOf\":{\"@id\":\"https:\\\/\\\/www.cplaw.rs\\\/#website\"},\"primaryImageOfPage\":{\"@id\":\"https:\\\/\\\/www.cplaw.rs\\\/sr\\\/adria-legal-group\\\/#primaryimage\"},\"image\":{\"@id\":\"https:\\\/\\\/www.cplaw.rs\\\/sr\\\/adria-legal-group\\\/#primaryimage\"},\"thumbnailUrl\":\"https:\\\/\\\/www.cplaw.rs\\\/wp-content\\\/uploads\\\/2021\\\/11\\\/iStock-1155488047.jpeg\",\"datePublished\":\"2021-11-08T01:09:41+00:00\",\"dateModified\":\"2022-10-04T07:39:03+00:00\",\"breadcrumb\":{\"@id\":\"https:\\\/\\\/www.cplaw.rs\\\/sr\\\/adria-legal-group\\\/#breadcrumb\"},\"inLanguage\":\"sr-RS\",\"potentialAction\":[{\"@type\":\"ReadAction\",\"target\":[\"https:\\\/\\\/www.cplaw.rs\\\/sr\\\/adria-legal-group\\\/\"]}]},{\"@type\":\"ImageObject\",\"inLanguage\":\"sr-RS\",\"@id\":\"https:\\\/\\\/www.cplaw.rs\\\/sr\\\/adria-legal-group\\\/#primaryimage\",\"url\":\"https:\\\/\\\/www.cplaw.rs\\\/wp-content\\\/uploads\\\/2021\\\/11\\\/iStock-1155488047.jpeg\",\"contentUrl\":\"https:\\\/\\\/www.cplaw.rs\\\/wp-content\\\/uploads\\\/2021\\\/11\\\/iStock-1155488047.jpeg\"},{\"@type\":\"BreadcrumbList\",\"@id\":\"https:\\\/\\\/www.cplaw.rs\\\/sr\\\/adria-legal-group\\\/#breadcrumb\",\"itemListElement\":[{\"@type\":\"ListItem\",\"position\":1,\"name\":\"Home\",\"item\":\"https:\\\/\\\/www.cplaw.rs\\\/\"},{\"@type\":\"ListItem\",\"position\":2,\"name\":\"Adria Legal Group\"}]},{\"@type\":\"WebSite\",\"@id\":\"https:\\\/\\\/www.cplaw.rs\\\/#website\",\"url\":\"https:\\\/\\\/www.cplaw.rs\\\/\",\"name\":\"CPJ Law Office\",\"description\":\"The leading Serbia Law Office\",\"publisher\":{\"@id\":\"https:\\\/\\\/www.cplaw.rs\\\/#organization\"},\"potentialAction\":[{\"@type\":\"SearchAction\",\"target\":{\"@type\":\"EntryPoint\",\"urlTemplate\":\"https:\\\/\\\/www.cplaw.rs\\\/?s={search_term_string}\"},\"query-input\":{\"@type\":\"PropertyValueSpecification\",\"valueRequired\":true,\"valueName\":\"search_term_string\"}}],\"inLanguage\":\"sr-RS\"},{\"@type\":\"Organization\",\"@id\":\"https:\\\/\\\/www.cplaw.rs\\\/#organization\",\"name\":\"CSJ Law Office\",\"url\":\"https:\\\/\\\/www.cplaw.rs\\\/\",\"logo\":{\"@type\":\"ImageObject\",\"inLanguage\":\"sr-RS\",\"@id\":\"https:\\\/\\\/www.cplaw.rs\\\/#\\\/schema\\\/logo\\\/image\\\/\",\"url\":\"https:\\\/\\\/www.cplaw.rs\\\/wp-content\\\/uploads\\\/2021\\\/07\\\/cplaw-logo-footer.svg\",\"contentUrl\":\"https:\\\/\\\/www.cplaw.rs\\\/wp-content\\\/uploads\\\/2021\\\/07\\\/cplaw-logo-footer.svg\",\"width\":1,\"height\":1,\"caption\":\"CSJ Law Office\"},\"image\":{\"@id\":\"https:\\\/\\\/www.cplaw.rs\\\/#\\\/schema\\\/logo\\\/image\\\/\"}}]}<\/script>\n<!-- \/ Yoast SEO plugin. -->","yoast_head_json":{"title":"Adria Legal Group &#8212; CSJ Law Office","robots":{"index":"index","follow":"follow","max-snippet":"max-snippet:-1","max-image-preview":"max-image-preview:large","max-video-preview":"max-video-preview:-1"},"canonical":"https:\/\/www.cplaw.rs\/sr\/adria-legal-group\/","og_locale":"sr_RS","og_type":"article","og_title":"Adria Legal Group &#8212; CSJ Law Office","og_description":"Adria Legal Group Adria Legal Group je integrisano regionalno udru\u017eenje i mre\u017ea od 7 samostalnih advokatskih kancelarija \u2013 iz Bosne i Hercegovine, Hrvatske, Kosova, Severne Makedonije, Crne Gore, Srbije i Slovenije \u2013 koje se izdvajaju opse\u017enim poznavanjem lokalnih i regionalnih pravnih okvira, tr\u017ei\u0161ta, politike, kulture, i imaju dugogodi\u0161nje zna\u010dajno prekograni\u010dno iskustvo u pru\u017eanju pravnih usluga [&hellip;]","og_url":"https:\/\/www.cplaw.rs\/sr\/adria-legal-group\/","og_site_name":"CSJ Law Office","article_modified_time":"2022-10-04T07:39:03+00:00","og_image":[{"url":"https:\/\/www.cplaw.rs\/wp-content\/uploads\/2021\/11\/iStock-1155488047.jpeg","type":"","width":"","height":""}],"twitter_card":"summary_large_image","twitter_misc":{"Procenjeno vreme \u010ditanja":"1 minut"},"schema":{"@context":"https:\/\/schema.org","@graph":[{"@type":"WebPage","@id":"https:\/\/www.cplaw.rs\/sr\/adria-legal-group\/","url":"https:\/\/www.cplaw.rs\/sr\/adria-legal-group\/","name":"Adria Legal Group &#8212; CSJ Law Office","isPartOf":{"@id":"https:\/\/www.cplaw.rs\/#website"},"primaryImageOfPage":{"@id":"https:\/\/www.cplaw.rs\/sr\/adria-legal-group\/#primaryimage"},"image":{"@id":"https:\/\/www.cplaw.rs\/sr\/adria-legal-group\/#primaryimage"},"thumbnailUrl":"https:\/\/www.cplaw.rs\/wp-content\/uploads\/2021\/11\/iStock-1155488047.jpeg","datePublished":"2021-11-08T01:09:41+00:00","dateModified":"2022-10-04T07:39:03+00:00","breadcrumb":{"@id":"https:\/\/www.cplaw.rs\/sr\/adria-legal-group\/#breadcrumb"},"inLanguage":"sr-RS","potentialAction":[{"@type":"ReadAction","target":["https:\/\/www.cplaw.rs\/sr\/adria-legal-group\/"]}]},{"@type":"ImageObject","inLanguage":"sr-RS","@id":"https:\/\/www.cplaw.rs\/sr\/adria-legal-group\/#primaryimage","url":"https:\/\/www.cplaw.rs\/wp-content\/uploads\/2021\/11\/iStock-1155488047.jpeg","contentUrl":"https:\/\/www.cplaw.rs\/wp-content\/uploads\/2021\/11\/iStock-1155488047.jpeg"},{"@type":"BreadcrumbList","@id":"https:\/\/www.cplaw.rs\/sr\/adria-legal-group\/#breadcrumb","itemListElement":[{"@type":"ListItem","position":1,"name":"Home","item":"https:\/\/www.cplaw.rs\/"},{"@type":"ListItem","position":2,"name":"Adria Legal Group"}]},{"@type":"WebSite","@id":"https:\/\/www.cplaw.rs\/#website","url":"https:\/\/www.cplaw.rs\/","name":"CPJ Law Office","description":"The leading Serbia Law Office","publisher":{"@id":"https:\/\/www.cplaw.rs\/#organization"},"potentialAction":[{"@type":"SearchAction","target":{"@type":"EntryPoint","urlTemplate":"https:\/\/www.cplaw.rs\/?s={search_term_string}"},"query-input":{"@type":"PropertyValueSpecification","valueRequired":true,"valueName":"search_term_string"}}],"inLanguage":"sr-RS"},{"@type":"Organization","@id":"https:\/\/www.cplaw.rs\/#organization","name":"CSJ Law Office","url":"https:\/\/www.cplaw.rs\/","logo":{"@type":"ImageObject","inLanguage":"sr-RS","@id":"https:\/\/www.cplaw.rs\/#\/schema\/logo\/image\/","url":"https:\/\/www.cplaw.rs\/wp-content\/uploads\/2021\/07\/cplaw-logo-footer.svg","contentUrl":"https:\/\/www.cplaw.rs\/wp-content\/uploads\/2021\/07\/cplaw-logo-footer.svg","width":1,"height":1,"caption":"CSJ Law Office"},"image":{"@id":"https:\/\/www.cplaw.rs\/#\/schema\/logo\/image\/"}}]}},"_links":{"self":[{"href":"https:\/\/www.cplaw.rs\/sr\/wp-json\/wp\/v2\/pages\/4808","targetHints":{"allow":["GET"]}}],"collection":[{"href":"https:\/\/www.cplaw.rs\/sr\/wp-json\/wp\/v2\/pages"}],"about":[{"href":"https:\/\/www.cplaw.rs\/sr\/wp-json\/wp\/v2\/types\/page"}],"author":[{"embeddable":true,"href":"https:\/\/www.cplaw.rs\/sr\/wp-json\/wp\/v2\/users\/1"}],"replies":[{"embeddable":true,"href":"https:\/\/www.cplaw.rs\/sr\/wp-json\/wp\/v2\/comments?post=4808"}],"version-history":[{"count":0,"href":"https:\/\/www.cplaw.rs\/sr\/wp-json\/wp\/v2\/pages\/4808\/revisions"}],"wp:attachment":[{"href":"https:\/\/www.cplaw.rs\/sr\/wp-json\/wp\/v2\/media?parent=4808"}],"curies":[{"name":"wp","href":"https:\/\/api.w.org\/{rel}","templated":true}]}}