{"id":4650,"date":"2021-09-28T22:53:05","date_gmt":"2021-09-28T20:53:05","guid":{"rendered":"https:\/\/www.cplaw.rs\/nas-tim\/jelena-pejovic-2\/"},"modified":"2022-12-31T17:36:05","modified_gmt":"2022-12-31T16:36:05","slug":"andrea-arsic","status":"publish","type":"page","link":"https:\/\/www.cplaw.rs\/sr\/nas-tim\/andrea-arsic\/","title":{"rendered":"Andrea Arsi\u0107"},"content":{"rendered":"\t\t<div data-elementor-type=\"wp-page\" data-elementor-id=\"4650\" class=\"elementor elementor-4650 elementor-3344\">\n\t\t\t\t\t\t<section class=\"elementor-section elementor-top-section elementor-element elementor-element-0160ec3 elementor-section-boxed elementor-section-height-default elementor-section-height-default\" data-id=\"0160ec3\" data-element_type=\"section\">\n\t\t\t\t\t\t<div class=\"elementor-container elementor-column-gap-default\">\n\t\t\t\t\t<div class=\"elementor-column elementor-col-100 elementor-top-column elementor-element elementor-element-5539849\" data-id=\"5539849\" data-element_type=\"column\">\n\t\t\t<div class=\"elementor-widget-wrap elementor-element-populated\">\n\t\t\t\t\t\t<div class=\"elementor-element elementor-element-8dbd55b animated-slow elementor-invisible elementor-widget elementor-widget-heading\" data-id=\"8dbd55b\" data-element_type=\"widget\" data-settings=\"{&quot;_animation&quot;:&quot;fadeIn&quot;}\" data-widget_type=\"heading.default\">\n\t\t\t\t<div class=\"elementor-widget-container\">\n\t\t\t\t\t<h1 class=\"elementor-heading-title elementor-size-default\">Andrea Arsi\u0107<\/h1>\t\t\t\t<\/div>\n\t\t\t\t<\/div>\n\t\t\t\t<div class=\"elementor-element elementor-element-92f9074 elementor-widget__width-auto elementor-widget-divider--view-line elementor-invisible elementor-widget elementor-widget-divider\" data-id=\"92f9074\" data-element_type=\"widget\" data-settings=\"{&quot;_animation&quot;:&quot;fadeIn&quot;,&quot;_animation_delay&quot;:400}\" data-widget_type=\"divider.default\">\n\t\t\t\t<div class=\"elementor-widget-container\">\n\t\t\t\t\t\t\t<div class=\"elementor-divider\">\n\t\t\t<span class=\"elementor-divider-separator\">\n\t\t\t\t\t\t<\/span>\n\t\t<\/div>\n\t\t\t\t\t\t<\/div>\n\t\t\t\t<\/div>\n\t\t\t\t<div class=\"elementor-element elementor-element-64384f5 elementor-widget__width-auto elementor-invisible elementor-widget elementor-widget-heading\" data-id=\"64384f5\" data-element_type=\"widget\" data-settings=\"{&quot;_animation&quot;:&quot;fadeInUp&quot;,&quot;_animation_delay&quot;:200}\" data-widget_type=\"heading.default\">\n\t\t\t\t<div class=\"elementor-widget-container\">\n\t\t\t\t\t<div class=\"elementor-heading-title elementor-size-default\">Advokat<\/div>\t\t\t\t<\/div>\n\t\t\t\t<\/div>\n\t\t\t\t\t<\/div>\n\t\t<\/div>\n\t\t\t\t\t<\/div>\n\t\t<\/section>\n\t\t\t\t<section class=\"elementor-section elementor-top-section elementor-element elementor-element-076bc29 elementor-section-boxed elementor-section-height-default elementor-section-height-default\" data-id=\"076bc29\" data-element_type=\"section\">\n\t\t\t\t\t\t<div class=\"elementor-container elementor-column-gap-default\">\n\t\t\t\t\t<div class=\"elementor-column elementor-col-50 elementor-top-column elementor-element elementor-element-32c5f5a elementor-invisible\" data-id=\"32c5f5a\" data-element_type=\"column\" data-settings=\"{&quot;background_background&quot;:&quot;classic&quot;,&quot;animation&quot;:&quot;fadeIn&quot;,&quot;animation_delay&quot;:600}\">\n\t\t\t<div class=\"elementor-widget-wrap elementor-element-populated\">\n\t\t\t\t\t<div class=\"elementor-background-overlay\"><\/div>\n\t\t\t\t\t\t<div class=\"elementor-element elementor-element-09ea731 elementor-widget elementor-widget-spacer\" data-id=\"09ea731\" data-element_type=\"widget\" data-widget_type=\"spacer.default\">\n\t\t\t\t<div class=\"elementor-widget-container\">\n\t\t\t\t\t\t\t<div class=\"elementor-spacer\">\n\t\t\t<div class=\"elementor-spacer-inner\"><\/div>\n\t\t<\/div>\n\t\t\t\t\t\t<\/div>\n\t\t\t\t<\/div>\n\t\t\t\t\t<\/div>\n\t\t<\/div>\n\t\t\t\t<div class=\"elementor-column elementor-col-50 elementor-top-column elementor-element elementor-element-4d2382f animated-slow elementor-invisible\" data-id=\"4d2382f\" data-element_type=\"column\" data-settings=\"{&quot;animation&quot;:&quot;fadeIn&quot;,&quot;animation_delay&quot;:800}\">\n\t\t\t<div class=\"elementor-widget-wrap elementor-element-populated\">\n\t\t\t\t\t\t<div class=\"elementor-element elementor-element-c753b40 elementor-widget elementor-widget-icon-box\" data-id=\"c753b40\" data-element_type=\"widget\" data-widget_type=\"icon-box.default\">\n\t\t\t\t<div class=\"elementor-widget-container\">\n\t\t\t\t\t\t\t<div class=\"elementor-icon-box-wrapper\">\n\n\t\t\t\n\t\t\t\t\t\t<div class=\"elementor-icon-box-content\">\n\n\t\t\t\t\t\t\t\t\t<h3 class=\"elementor-icon-box-title\">\n\t\t\t\t\t\t<span  >\n\t\t\t\t\t\t\tE-mail\t\t\t\t\t\t<\/span>\n\t\t\t\t\t<\/h3>\n\t\t\t\t\n\t\t\t\t\t\t\t\t\t<p class=\"elementor-icon-box-description\">\n\t\t\t\t\t\tandrea.arsic@cplaw.rs\t\t\t\t\t<\/p>\n\t\t\t\t\n\t\t\t<\/div>\n\t\t\t\n\t\t<\/div>\n\t\t\t\t\t\t<\/div>\n\t\t\t\t<\/div>\n\t\t\t\t<div class=\"elementor-element elementor-element-201547b elementor-widget elementor-widget-icon-box\" data-id=\"201547b\" data-element_type=\"widget\" data-widget_type=\"icon-box.default\">\n\t\t\t\t<div class=\"elementor-widget-container\">\n\t\t\t\t\t\t\t<div class=\"elementor-icon-box-wrapper\">\n\n\t\t\t\n\t\t\t\t\t\t<div class=\"elementor-icon-box-content\">\n\n\t\t\t\t\t\t\t\t\t<h3 class=\"elementor-icon-box-title\">\n\t\t\t\t\t\t<span  >\n\t\t\t\t\t\t\t\u010cLAN ADVOKATSKE KOMORE OD\t\t\t\t\t\t<\/span>\n\t\t\t\t\t<\/h3>\n\t\t\t\t\n\t\t\t\t\t\t\t\t\t<p class=\"elementor-icon-box-description\">\n\t\t\t\t\t\t2021\t\t\t\t\t<\/p>\n\t\t\t\t\n\t\t\t<\/div>\n\t\t\t\n\t\t<\/div>\n\t\t\t\t\t\t<\/div>\n\t\t\t\t<\/div>\n\t\t\t\t<div class=\"elementor-element elementor-element-7f0dd1a elementor-widget elementor-widget-icon-box\" data-id=\"7f0dd1a\" data-element_type=\"widget\" data-widget_type=\"icon-box.default\">\n\t\t\t\t<div class=\"elementor-widget-container\">\n\t\t\t\t\t\t\t<div class=\"elementor-icon-box-wrapper\">\n\n\t\t\t\n\t\t\t\t\t\t<div class=\"elementor-icon-box-content\">\n\n\t\t\t\t\t\t\t\t\t<h3 class=\"elementor-icon-box-title\">\n\t\t\t\t\t\t<span  >\n\t\t\t\t\t\t\tOBRAZOVANJE\t\t\t\t\t\t<\/span>\n\t\t\t\t\t<\/h3>\n\t\t\t\t\n\t\t\t\t\t\t\t\t\t<p class=\"elementor-icon-box-description\">\n\t\t\t\t\t\tPravni fakultet, Univerzitet u Beogradu \/ Master akademske studije na Pravnom fakultetu Univerziteta u Beogradu (Me\u0111unarodno poslovno pravo)\t\t\t\t\t<\/p>\n\t\t\t\t\n\t\t\t<\/div>\n\t\t\t\n\t\t<\/div>\n\t\t\t\t\t\t<\/div>\n\t\t\t\t<\/div>\n\t\t\t\t<div class=\"elementor-element elementor-element-b5ec396 elementor-widget elementor-widget-icon-box\" data-id=\"b5ec396\" data-element_type=\"widget\" data-widget_type=\"icon-box.default\">\n\t\t\t\t<div class=\"elementor-widget-container\">\n\t\t\t\t\t\t\t<div class=\"elementor-icon-box-wrapper\">\n\n\t\t\t\n\t\t\t\t\t\t<div class=\"elementor-icon-box-content\">\n\n\t\t\t\t\t\t\t\t\t<h3 class=\"elementor-icon-box-title\">\n\t\t\t\t\t\t<span  >\n\t\t\t\t\t\t\tJEZICI\t\t\t\t\t\t<\/span>\n\t\t\t\t\t<\/h3>\n\t\t\t\t\n\t\t\t\t\t\t\t\t\t<p class=\"elementor-icon-box-description\">\n\t\t\t\t\t\tEngleski, Nema\u010dki\t\t\t\t\t<\/p>\n\t\t\t\t\n\t\t\t<\/div>\n\t\t\t\n\t\t<\/div>\n\t\t\t\t\t\t<\/div>\n\t\t\t\t<\/div>\n\t\t\t\t<div class=\"elementor-element elementor-element-3d50aec elementor-widget elementor-widget-icon-box\" data-id=\"3d50aec\" data-element_type=\"widget\" data-widget_type=\"icon-box.default\">\n\t\t\t\t<div class=\"elementor-widget-container\">\n\t\t\t\t\t\t\t<div class=\"elementor-icon-box-wrapper\">\n\n\t\t\t\n\t\t\t\t\t\t<div class=\"elementor-icon-box-content\">\n\n\t\t\t\t\t\t\t\t\t<h3 class=\"elementor-icon-box-title\">\n\t\t\t\t\t\t<span  >\n\t\t\t\t\t\t\tOBLASTI \/ INDUSTRIJE\t\t\t\t\t\t<\/span>\n\t\t\t\t\t<\/h3>\n\t\t\t\t\n\t\t\t\t\t\t\t\t\t<p class=\"elementor-icon-box-description\">\n\t\t\t\t\t\tKorporativno \u2219 Privredno \u2219 M&amp;A \u2219 Re\u0161avanje sporova \u2219 Radno pravo \u2219 Intelektualna svojina\t\t\t\t\t<\/p>\n\t\t\t\t\n\t\t\t<\/div>\n\t\t\t\n\t\t<\/div>\n\t\t\t\t\t\t<\/div>\n\t\t\t\t<\/div>\n\t\t\t\t<div class=\"elementor-element elementor-element-2498bfe elementor-widget elementor-widget-tp-button\" data-id=\"2498bfe\" data-element_type=\"widget\" data-widget_type=\"tp-button.default\">\n\t\t\t\t<div class=\"elementor-widget-container\">\n\t\t\t\t\t<div class=\"pt-plus-button-wrapper   text-   \"><div class=\"button_parallax   \" ><div id=\"button69db628294391\"  class=\" text- ts-button content_hover_effect   \" ><div class=\"pt_plus_button btn69db628293d05 button-style-1   \"  ><div class=\"animted-content-inner \"><a class=\"button-link-wrap \" role=\"button\" data-hover=\"LinkedIn\"  >LinkedIn<div class=\"button_line\"><\/div><\/a><\/div><\/div><\/div><\/div><\/div>\t\t\t\t<\/div>\n\t\t\t\t<\/div>\n\t\t\t\t\t<\/div>\n\t\t<\/div>\n\t\t\t\t\t<\/div>\n\t\t<\/section>\n\t\t\t\t<\/div>\n\t\t","protected":false},"excerpt":{"rendered":"<p>Andrea Arsi\u0107 Advokat E-mail andrea.arsic@cplaw.rs \u010cLAN ADVOKATSKE KOMORE OD 2021 OBRAZOVANJE Pravni fakultet, Univerzitet u Beogradu \/ Master akademske studije na Pravnom fakultetu Univerziteta u Beogradu (Me\u0111unarodno poslovno pravo) JEZICI Engleski, Nema\u010dki OBLASTI \/ INDUSTRIJE Korporativno \u2219 Privredno \u2219 M&#038;A \u2219 Re\u0161avanje sporova \u2219 Radno pravo \u2219 Intelektualna svojina LinkedIn<\/p>\n","protected":false},"author":1,"featured_media":0,"parent":4392,"menu_order":0,"comment_status":"closed","ping_status":"closed","template":"","meta":{"footnotes":""},"class_list":["post-4650","page","type-page","status-publish","hentry"],"yoast_head":"<!-- This site is optimized with the Yoast SEO plugin v27.3 - https:\/\/yoast.com\/product\/yoast-seo-wordpress\/ -->\n<title>Andrea Arsi\u0107 &#8212; CSJ Law Office<\/title>\n<meta name=\"robots\" content=\"index, follow, max-snippet:-1, max-image-preview:large, max-video-preview:-1\" \/>\n<link rel=\"canonical\" href=\"https:\/\/www.cplaw.rs\/sr\/nas-tim\/andrea-arsic\/\" \/>\n<meta property=\"og:locale\" content=\"sr_RS\" \/>\n<meta property=\"og:type\" content=\"article\" \/>\n<meta property=\"og:title\" content=\"Andrea Arsi\u0107 &#8212; CSJ Law Office\" \/>\n<meta property=\"og:description\" content=\"Andrea Arsi\u0107 Advokat E-mail andrea.arsic@cplaw.rs \u010cLAN ADVOKATSKE KOMORE OD 2021 OBRAZOVANJE Pravni fakultet, Univerzitet u Beogradu \/ Master akademske studije na Pravnom fakultetu Univerziteta u Beogradu (Me\u0111unarodno poslovno pravo) JEZICI Engleski, Nema\u010dki OBLASTI \/ INDUSTRIJE Korporativno \u2219 Privredno \u2219 M&#038;A \u2219 Re\u0161avanje sporova \u2219 Radno pravo \u2219 Intelektualna svojina LinkedIn\" \/>\n<meta property=\"og:url\" content=\"https:\/\/www.cplaw.rs\/sr\/nas-tim\/andrea-arsic\/\" \/>\n<meta property=\"og:site_name\" content=\"CSJ Law Office\" \/>\n<meta property=\"article:modified_time\" content=\"2022-12-31T16:36:05+00:00\" \/>\n<meta name=\"twitter:card\" content=\"summary_large_image\" \/>\n<meta name=\"twitter:label1\" content=\"Procenjeno vreme \u010ditanja\" \/>\n\t<meta name=\"twitter:data1\" content=\"1 minut\" \/>\n<script type=\"application\/ld+json\" class=\"yoast-schema-graph\">{\"@context\":\"https:\\\/\\\/schema.org\",\"@graph\":[{\"@type\":\"WebPage\",\"@id\":\"https:\\\/\\\/www.cplaw.rs\\\/sr\\\/nas-tim\\\/andrea-arsic\\\/\",\"url\":\"https:\\\/\\\/www.cplaw.rs\\\/sr\\\/nas-tim\\\/andrea-arsic\\\/\",\"name\":\"Andrea Arsi\u0107 &#8212; CSJ Law Office\",\"isPartOf\":{\"@id\":\"https:\\\/\\\/www.cplaw.rs\\\/#website\"},\"datePublished\":\"2021-09-28T20:53:05+00:00\",\"dateModified\":\"2022-12-31T16:36:05+00:00\",\"breadcrumb\":{\"@id\":\"https:\\\/\\\/www.cplaw.rs\\\/sr\\\/nas-tim\\\/andrea-arsic\\\/#breadcrumb\"},\"inLanguage\":\"sr-RS\",\"potentialAction\":[{\"@type\":\"ReadAction\",\"target\":[\"https:\\\/\\\/www.cplaw.rs\\\/sr\\\/nas-tim\\\/andrea-arsic\\\/\"]}]},{\"@type\":\"BreadcrumbList\",\"@id\":\"https:\\\/\\\/www.cplaw.rs\\\/sr\\\/nas-tim\\\/andrea-arsic\\\/#breadcrumb\",\"itemListElement\":[{\"@type\":\"ListItem\",\"position\":1,\"name\":\"Home\",\"item\":\"https:\\\/\\\/www.cplaw.rs\\\/\"},{\"@type\":\"ListItem\",\"position\":2,\"name\":\"Na\u0161 tim\",\"item\":\"https:\\\/\\\/www.cplaw.rs\\\/sr\\\/nas-tim\\\/\"},{\"@type\":\"ListItem\",\"position\":3,\"name\":\"Andrea Arsi\u0107\"}]},{\"@type\":\"WebSite\",\"@id\":\"https:\\\/\\\/www.cplaw.rs\\\/#website\",\"url\":\"https:\\\/\\\/www.cplaw.rs\\\/\",\"name\":\"CPJ Law Office\",\"description\":\"The leading Serbia Law Office\",\"publisher\":{\"@id\":\"https:\\\/\\\/www.cplaw.rs\\\/#organization\"},\"potentialAction\":[{\"@type\":\"SearchAction\",\"target\":{\"@type\":\"EntryPoint\",\"urlTemplate\":\"https:\\\/\\\/www.cplaw.rs\\\/?s={search_term_string}\"},\"query-input\":{\"@type\":\"PropertyValueSpecification\",\"valueRequired\":true,\"valueName\":\"search_term_string\"}}],\"inLanguage\":\"sr-RS\"},{\"@type\":\"Organization\",\"@id\":\"https:\\\/\\\/www.cplaw.rs\\\/#organization\",\"name\":\"CSJ Law Office\",\"url\":\"https:\\\/\\\/www.cplaw.rs\\\/\",\"logo\":{\"@type\":\"ImageObject\",\"inLanguage\":\"sr-RS\",\"@id\":\"https:\\\/\\\/www.cplaw.rs\\\/#\\\/schema\\\/logo\\\/image\\\/\",\"url\":\"https:\\\/\\\/www.cplaw.rs\\\/wp-content\\\/uploads\\\/2021\\\/07\\\/cplaw-logo-footer.svg\",\"contentUrl\":\"https:\\\/\\\/www.cplaw.rs\\\/wp-content\\\/uploads\\\/2021\\\/07\\\/cplaw-logo-footer.svg\",\"width\":1,\"height\":1,\"caption\":\"CSJ Law Office\"},\"image\":{\"@id\":\"https:\\\/\\\/www.cplaw.rs\\\/#\\\/schema\\\/logo\\\/image\\\/\"}}]}<\/script>\n<!-- \/ Yoast SEO plugin. -->","yoast_head_json":{"title":"Andrea Arsi\u0107 &#8212; CSJ Law Office","robots":{"index":"index","follow":"follow","max-snippet":"max-snippet:-1","max-image-preview":"max-image-preview:large","max-video-preview":"max-video-preview:-1"},"canonical":"https:\/\/www.cplaw.rs\/sr\/nas-tim\/andrea-arsic\/","og_locale":"sr_RS","og_type":"article","og_title":"Andrea Arsi\u0107 &#8212; CSJ Law Office","og_description":"Andrea Arsi\u0107 Advokat E-mail andrea.arsic@cplaw.rs \u010cLAN ADVOKATSKE KOMORE OD 2021 OBRAZOVANJE Pravni fakultet, Univerzitet u Beogradu \/ Master akademske studije na Pravnom fakultetu Univerziteta u Beogradu (Me\u0111unarodno poslovno pravo) JEZICI Engleski, Nema\u010dki OBLASTI \/ INDUSTRIJE Korporativno \u2219 Privredno \u2219 M&#038;A \u2219 Re\u0161avanje sporova \u2219 Radno pravo \u2219 Intelektualna svojina LinkedIn","og_url":"https:\/\/www.cplaw.rs\/sr\/nas-tim\/andrea-arsic\/","og_site_name":"CSJ Law Office","article_modified_time":"2022-12-31T16:36:05+00:00","twitter_card":"summary_large_image","twitter_misc":{"Procenjeno vreme \u010ditanja":"1 minut"},"schema":{"@context":"https:\/\/schema.org","@graph":[{"@type":"WebPage","@id":"https:\/\/www.cplaw.rs\/sr\/nas-tim\/andrea-arsic\/","url":"https:\/\/www.cplaw.rs\/sr\/nas-tim\/andrea-arsic\/","name":"Andrea Arsi\u0107 &#8212; CSJ Law Office","isPartOf":{"@id":"https:\/\/www.cplaw.rs\/#website"},"datePublished":"2021-09-28T20:53:05+00:00","dateModified":"2022-12-31T16:36:05+00:00","breadcrumb":{"@id":"https:\/\/www.cplaw.rs\/sr\/nas-tim\/andrea-arsic\/#breadcrumb"},"inLanguage":"sr-RS","potentialAction":[{"@type":"ReadAction","target":["https:\/\/www.cplaw.rs\/sr\/nas-tim\/andrea-arsic\/"]}]},{"@type":"BreadcrumbList","@id":"https:\/\/www.cplaw.rs\/sr\/nas-tim\/andrea-arsic\/#breadcrumb","itemListElement":[{"@type":"ListItem","position":1,"name":"Home","item":"https:\/\/www.cplaw.rs\/"},{"@type":"ListItem","position":2,"name":"Na\u0161 tim","item":"https:\/\/www.cplaw.rs\/sr\/nas-tim\/"},{"@type":"ListItem","position":3,"name":"Andrea Arsi\u0107"}]},{"@type":"WebSite","@id":"https:\/\/www.cplaw.rs\/#website","url":"https:\/\/www.cplaw.rs\/","name":"CPJ Law Office","description":"The leading Serbia Law Office","publisher":{"@id":"https:\/\/www.cplaw.rs\/#organization"},"potentialAction":[{"@type":"SearchAction","target":{"@type":"EntryPoint","urlTemplate":"https:\/\/www.cplaw.rs\/?s={search_term_string}"},"query-input":{"@type":"PropertyValueSpecification","valueRequired":true,"valueName":"search_term_string"}}],"inLanguage":"sr-RS"},{"@type":"Organization","@id":"https:\/\/www.cplaw.rs\/#organization","name":"CSJ Law Office","url":"https:\/\/www.cplaw.rs\/","logo":{"@type":"ImageObject","inLanguage":"sr-RS","@id":"https:\/\/www.cplaw.rs\/#\/schema\/logo\/image\/","url":"https:\/\/www.cplaw.rs\/wp-content\/uploads\/2021\/07\/cplaw-logo-footer.svg","contentUrl":"https:\/\/www.cplaw.rs\/wp-content\/uploads\/2021\/07\/cplaw-logo-footer.svg","width":1,"height":1,"caption":"CSJ Law Office"},"image":{"@id":"https:\/\/www.cplaw.rs\/#\/schema\/logo\/image\/"}}]}},"_links":{"self":[{"href":"https:\/\/www.cplaw.rs\/sr\/wp-json\/wp\/v2\/pages\/4650","targetHints":{"allow":["GET"]}}],"collection":[{"href":"https:\/\/www.cplaw.rs\/sr\/wp-json\/wp\/v2\/pages"}],"about":[{"href":"https:\/\/www.cplaw.rs\/sr\/wp-json\/wp\/v2\/types\/page"}],"author":[{"embeddable":true,"href":"https:\/\/www.cplaw.rs\/sr\/wp-json\/wp\/v2\/users\/1"}],"replies":[{"embeddable":true,"href":"https:\/\/www.cplaw.rs\/sr\/wp-json\/wp\/v2\/comments?post=4650"}],"version-history":[{"count":0,"href":"https:\/\/www.cplaw.rs\/sr\/wp-json\/wp\/v2\/pages\/4650\/revisions"}],"up":[{"embeddable":true,"href":"https:\/\/www.cplaw.rs\/sr\/wp-json\/wp\/v2\/pages\/4392"}],"wp:attachment":[{"href":"https:\/\/www.cplaw.rs\/sr\/wp-json\/wp\/v2\/media?parent=4650"}],"curies":[{"name":"wp","href":"https:\/\/api.w.org\/{rel}","templated":true}]}}