{"id":4398,"date":"2021-09-30T21:57:20","date_gmt":"2021-09-30T21:57:20","guid":{"rendered":"https:\/\/www.cplaw.rs\/newsroom\/"},"modified":"2022-12-19T12:07:07","modified_gmt":"2022-12-19T11:07:07","slug":"newsroom","status":"publish","type":"page","link":"https:\/\/www.cplaw.rs\/sr\/newsroom\/","title":{"rendered":"Newsroom"},"content":{"rendered":"\t\t<div data-elementor-type=\"wp-page\" data-elementor-id=\"4398\" class=\"elementor elementor-4398 elementor-3562\">\n\t\t\t\t\t\t<section class=\"elementor-section elementor-top-section elementor-element elementor-element-859ded1 elementor-section-boxed elementor-section-height-default elementor-section-height-default\" data-id=\"859ded1\" data-element_type=\"section\">\n\t\t\t\t\t\t<div class=\"elementor-container elementor-column-gap-default\">\n\t\t\t\t\t<div class=\"elementor-column elementor-col-100 elementor-top-column elementor-element elementor-element-3237370\" data-id=\"3237370\" data-element_type=\"column\">\n\t\t\t<div class=\"elementor-widget-wrap elementor-element-populated\">\n\t\t\t\t\t\t<div class=\"elementor-element elementor-element-4b3667f animated-slow elementor-invisible elementor-widget elementor-widget-heading\" data-id=\"4b3667f\" data-element_type=\"widget\" data-settings=\"{&quot;_animation&quot;:&quot;fadeIn&quot;}\" data-widget_type=\"heading.default\">\n\t\t\t\t<div class=\"elementor-widget-container\">\n\t\t\t\t\t<h1 class=\"elementor-heading-title elementor-size-default\">Newsroom<\/h1>\t\t\t\t<\/div>\n\t\t\t\t<\/div>\n\t\t\t\t\t<\/div>\n\t\t<\/div>\n\t\t\t\t\t<\/div>\n\t\t<\/section>\n\t\t\t\t<section class=\"elementor-section elementor-top-section elementor-element elementor-element-64da502 elementor-section-boxed elementor-section-height-default elementor-section-height-default\" data-id=\"64da502\" data-element_type=\"section\">\n\t\t\t\t\t\t<div class=\"elementor-container elementor-column-gap-default\">\n\t\t\t\t\t<div class=\"elementor-column elementor-col-100 elementor-top-column elementor-element elementor-element-ae3aebf\" data-id=\"ae3aebf\" data-element_type=\"column\">\n\t\t\t<div class=\"elementor-widget-wrap elementor-element-populated\">\n\t\t\t\t\t\t<section class=\"elementor-section elementor-inner-section elementor-element elementor-element-c42c906 elementor-section-boxed elementor-section-height-default elementor-section-height-default\" data-id=\"c42c906\" data-element_type=\"section\">\n\t\t\t\t\t\t<div class=\"elementor-container elementor-column-gap-default\">\n\t\t\t\t\t<div class=\"elementor-column elementor-col-100 elementor-inner-column elementor-element elementor-element-1390a64\" data-id=\"1390a64\" data-element_type=\"column\">\n\t\t\t<div class=\"elementor-widget-wrap\">\n\t\t\t\t\t\t\t<\/div>\n\t\t<\/div>\n\t\t\t\t\t<\/div>\n\t\t<\/section>\n\t\t\t\t<section class=\"elementor-section elementor-inner-section elementor-element elementor-element-a7b4f8a elementor-section-boxed elementor-section-height-default elementor-section-height-default\" data-id=\"a7b4f8a\" data-element_type=\"section\">\n\t\t\t\t\t\t<div class=\"elementor-container elementor-column-gap-default\">\n\t\t\t\t\t<div class=\"elementor-column elementor-col-33 elementor-inner-column elementor-element elementor-element-0cd80da\" data-id=\"0cd80da\" data-element_type=\"column\">\n\t\t\t<div class=\"elementor-widget-wrap\">\n\t\t\t\t\t\t\t<\/div>\n\t\t<\/div>\n\t\t\t\t<div class=\"elementor-column elementor-col-33 elementor-inner-column elementor-element elementor-element-31cb4af\" data-id=\"31cb4af\" data-element_type=\"column\">\n\t\t\t<div class=\"elementor-widget-wrap\">\n\t\t\t\t\t\t\t<\/div>\n\t\t<\/div>\n\t\t\t\t<div class=\"elementor-column elementor-col-33 elementor-inner-column elementor-element elementor-element-29bfb3d\" data-id=\"29bfb3d\" data-element_type=\"column\">\n\t\t\t<div class=\"elementor-widget-wrap\">\n\t\t\t\t\t\t\t<\/div>\n\t\t<\/div>\n\t\t\t\t\t<\/div>\n\t\t<\/section>\n\t\t\t\t<div class=\"elementor-element elementor-element-e4c68e4 elementor-widget elementor-widget-spacer\" data-id=\"e4c68e4\" data-element_type=\"widget\" data-widget_type=\"spacer.default\">\n\t\t\t\t<div class=\"elementor-widget-container\">\n\t\t\t\t\t\t\t<div class=\"elementor-spacer\">\n\t\t\t<div class=\"elementor-spacer-inner\"><\/div>\n\t\t<\/div>\n\t\t\t\t\t\t<\/div>\n\t\t\t\t<\/div>\n\t\t\t\t\t<\/div>\n\t\t<\/div>\n\t\t\t\t\t<\/div>\n\t\t<\/section>\n\t\t\t\t<\/div>\n\t\t","protected":false},"excerpt":{"rendered":"<p>Newsroom Tip&#8230;AktivnostiBilteniDrugo Oblasti&#8230;Bankarstvo i FinansijeIntelektualna svojinaKorporativno \/ Privredno \/ M&amp;ANepokretnostiPoresko pravoRadno pravoRe\u0161avanje SporovaZa\u0161tita Podataka i PrivatnostiZa\u0161tita Potro\u0161a\u010da Industrija&#8230;Energija i Prirodni ResursiGra\u0111enjeInformacione Tehnologije i StartupoviTelekomunikacije x Reset filters<\/p>\n","protected":false},"author":1,"featured_media":0,"parent":0,"menu_order":0,"comment_status":"closed","ping_status":"closed","template":"","meta":{"footnotes":""},"class_list":["post-4398","page","type-page","status-publish","hentry"],"yoast_head":"<!-- This site is optimized with the Yoast SEO plugin v27.5 - https:\/\/yoast.com\/product\/yoast-seo-wordpress\/ -->\n<title>Newsroom &#8212; CSJ Law Office<\/title>\n<meta name=\"robots\" content=\"index, follow, max-snippet:-1, max-image-preview:large, max-video-preview:-1\" \/>\n<link rel=\"canonical\" href=\"https:\/\/www.cplaw.rs\/sr\/newsroom\/\" \/>\n<meta property=\"og:locale\" content=\"sr_RS\" \/>\n<meta property=\"og:type\" content=\"article\" \/>\n<meta property=\"og:title\" content=\"Newsroom &#8212; CSJ Law Office\" \/>\n<meta property=\"og:description\" content=\"Newsroom Tip&#8230;AktivnostiBilteniDrugo Oblasti&#8230;Bankarstvo i FinansijeIntelektualna svojinaKorporativno \/ Privredno \/ M&amp;ANepokretnostiPoresko pravoRadno pravoRe\u0161avanje SporovaZa\u0161tita Podataka i PrivatnostiZa\u0161tita Potro\u0161a\u010da Industrija&#8230;Energija i Prirodni ResursiGra\u0111enjeInformacione Tehnologije i StartupoviTelekomunikacije x Reset filters\" \/>\n<meta property=\"og:url\" content=\"https:\/\/www.cplaw.rs\/sr\/newsroom\/\" \/>\n<meta property=\"og:site_name\" content=\"CSJ Law Office\" \/>\n<meta property=\"article:modified_time\" content=\"2022-12-19T11:07:07+00:00\" \/>\n<meta name=\"twitter:card\" content=\"summary_large_image\" \/>\n<meta name=\"twitter:label1\" content=\"Procenjeno vreme \u010ditanja\" \/>\n\t<meta name=\"twitter:data1\" content=\"2 minuta\" \/>\n<script type=\"application\/ld+json\" class=\"yoast-schema-graph\">{\"@context\":\"https:\\\/\\\/schema.org\",\"@graph\":[{\"@type\":\"WebPage\",\"@id\":\"https:\\\/\\\/www.cplaw.rs\\\/sr\\\/newsroom\\\/\",\"url\":\"https:\\\/\\\/www.cplaw.rs\\\/sr\\\/newsroom\\\/\",\"name\":\"Newsroom &#8212; CSJ Law Office\",\"isPartOf\":{\"@id\":\"https:\\\/\\\/www.cplaw.rs\\\/#website\"},\"datePublished\":\"2021-09-30T21:57:20+00:00\",\"dateModified\":\"2022-12-19T11:07:07+00:00\",\"breadcrumb\":{\"@id\":\"https:\\\/\\\/www.cplaw.rs\\\/sr\\\/newsroom\\\/#breadcrumb\"},\"inLanguage\":\"sr-RS\",\"potentialAction\":[{\"@type\":\"ReadAction\",\"target\":[\"https:\\\/\\\/www.cplaw.rs\\\/sr\\\/newsroom\\\/\"]}]},{\"@type\":\"BreadcrumbList\",\"@id\":\"https:\\\/\\\/www.cplaw.rs\\\/sr\\\/newsroom\\\/#breadcrumb\",\"itemListElement\":[{\"@type\":\"ListItem\",\"position\":1,\"name\":\"Home\",\"item\":\"https:\\\/\\\/www.cplaw.rs\\\/\"},{\"@type\":\"ListItem\",\"position\":2,\"name\":\"Newsroom\"}]},{\"@type\":\"WebSite\",\"@id\":\"https:\\\/\\\/www.cplaw.rs\\\/#website\",\"url\":\"https:\\\/\\\/www.cplaw.rs\\\/\",\"name\":\"CPJ Law Office\",\"description\":\"The leading Serbia Law Office\",\"publisher\":{\"@id\":\"https:\\\/\\\/www.cplaw.rs\\\/#organization\"},\"potentialAction\":[{\"@type\":\"SearchAction\",\"target\":{\"@type\":\"EntryPoint\",\"urlTemplate\":\"https:\\\/\\\/www.cplaw.rs\\\/?s={search_term_string}\"},\"query-input\":{\"@type\":\"PropertyValueSpecification\",\"valueRequired\":true,\"valueName\":\"search_term_string\"}}],\"inLanguage\":\"sr-RS\"},{\"@type\":\"Organization\",\"@id\":\"https:\\\/\\\/www.cplaw.rs\\\/#organization\",\"name\":\"CSJ Law Office\",\"url\":\"https:\\\/\\\/www.cplaw.rs\\\/\",\"logo\":{\"@type\":\"ImageObject\",\"inLanguage\":\"sr-RS\",\"@id\":\"https:\\\/\\\/www.cplaw.rs\\\/#\\\/schema\\\/logo\\\/image\\\/\",\"url\":\"https:\\\/\\\/www.cplaw.rs\\\/wp-content\\\/uploads\\\/2021\\\/07\\\/cplaw-logo-footer.svg\",\"contentUrl\":\"https:\\\/\\\/www.cplaw.rs\\\/wp-content\\\/uploads\\\/2021\\\/07\\\/cplaw-logo-footer.svg\",\"width\":1,\"height\":1,\"caption\":\"CSJ Law Office\"},\"image\":{\"@id\":\"https:\\\/\\\/www.cplaw.rs\\\/#\\\/schema\\\/logo\\\/image\\\/\"}}]}<\/script>\n<!-- \/ Yoast SEO plugin. -->","yoast_head_json":{"title":"Newsroom &#8212; CSJ Law Office","robots":{"index":"index","follow":"follow","max-snippet":"max-snippet:-1","max-image-preview":"max-image-preview:large","max-video-preview":"max-video-preview:-1"},"canonical":"https:\/\/www.cplaw.rs\/sr\/newsroom\/","og_locale":"sr_RS","og_type":"article","og_title":"Newsroom &#8212; CSJ Law Office","og_description":"Newsroom Tip&#8230;AktivnostiBilteniDrugo Oblasti&#8230;Bankarstvo i FinansijeIntelektualna svojinaKorporativno \/ Privredno \/ M&amp;ANepokretnostiPoresko pravoRadno pravoRe\u0161avanje SporovaZa\u0161tita Podataka i PrivatnostiZa\u0161tita Potro\u0161a\u010da Industrija&#8230;Energija i Prirodni ResursiGra\u0111enjeInformacione Tehnologije i StartupoviTelekomunikacije x Reset filters","og_url":"https:\/\/www.cplaw.rs\/sr\/newsroom\/","og_site_name":"CSJ Law Office","article_modified_time":"2022-12-19T11:07:07+00:00","twitter_card":"summary_large_image","twitter_misc":{"Procenjeno vreme \u010ditanja":"2 minuta"},"schema":{"@context":"https:\/\/schema.org","@graph":[{"@type":"WebPage","@id":"https:\/\/www.cplaw.rs\/sr\/newsroom\/","url":"https:\/\/www.cplaw.rs\/sr\/newsroom\/","name":"Newsroom &#8212; CSJ Law Office","isPartOf":{"@id":"https:\/\/www.cplaw.rs\/#website"},"datePublished":"2021-09-30T21:57:20+00:00","dateModified":"2022-12-19T11:07:07+00:00","breadcrumb":{"@id":"https:\/\/www.cplaw.rs\/sr\/newsroom\/#breadcrumb"},"inLanguage":"sr-RS","potentialAction":[{"@type":"ReadAction","target":["https:\/\/www.cplaw.rs\/sr\/newsroom\/"]}]},{"@type":"BreadcrumbList","@id":"https:\/\/www.cplaw.rs\/sr\/newsroom\/#breadcrumb","itemListElement":[{"@type":"ListItem","position":1,"name":"Home","item":"https:\/\/www.cplaw.rs\/"},{"@type":"ListItem","position":2,"name":"Newsroom"}]},{"@type":"WebSite","@id":"https:\/\/www.cplaw.rs\/#website","url":"https:\/\/www.cplaw.rs\/","name":"CPJ Law Office","description":"The leading Serbia Law Office","publisher":{"@id":"https:\/\/www.cplaw.rs\/#organization"},"potentialAction":[{"@type":"SearchAction","target":{"@type":"EntryPoint","urlTemplate":"https:\/\/www.cplaw.rs\/?s={search_term_string}"},"query-input":{"@type":"PropertyValueSpecification","valueRequired":true,"valueName":"search_term_string"}}],"inLanguage":"sr-RS"},{"@type":"Organization","@id":"https:\/\/www.cplaw.rs\/#organization","name":"CSJ Law Office","url":"https:\/\/www.cplaw.rs\/","logo":{"@type":"ImageObject","inLanguage":"sr-RS","@id":"https:\/\/www.cplaw.rs\/#\/schema\/logo\/image\/","url":"https:\/\/www.cplaw.rs\/wp-content\/uploads\/2021\/07\/cplaw-logo-footer.svg","contentUrl":"https:\/\/www.cplaw.rs\/wp-content\/uploads\/2021\/07\/cplaw-logo-footer.svg","width":1,"height":1,"caption":"CSJ Law Office"},"image":{"@id":"https:\/\/www.cplaw.rs\/#\/schema\/logo\/image\/"}}]}},"_links":{"self":[{"href":"https:\/\/www.cplaw.rs\/sr\/wp-json\/wp\/v2\/pages\/4398","targetHints":{"allow":["GET"]}}],"collection":[{"href":"https:\/\/www.cplaw.rs\/sr\/wp-json\/wp\/v2\/pages"}],"about":[{"href":"https:\/\/www.cplaw.rs\/sr\/wp-json\/wp\/v2\/types\/page"}],"author":[{"embeddable":true,"href":"https:\/\/www.cplaw.rs\/sr\/wp-json\/wp\/v2\/users\/1"}],"replies":[{"embeddable":true,"href":"https:\/\/www.cplaw.rs\/sr\/wp-json\/wp\/v2\/comments?post=4398"}],"version-history":[{"count":0,"href":"https:\/\/www.cplaw.rs\/sr\/wp-json\/wp\/v2\/pages\/4398\/revisions"}],"wp:attachment":[{"href":"https:\/\/www.cplaw.rs\/sr\/wp-json\/wp\/v2\/media?parent=4398"}],"curies":[{"name":"wp","href":"https:\/\/api.w.org\/{rel}","templated":true}]}}