{"id":4271,"date":"2021-08-07T20:53:48","date_gmt":"2021-08-07T20:53:48","guid":{"rendered":"https:\/\/www.cplaw.rs\/career\/"},"modified":"2021-10-12T02:15:53","modified_gmt":"2021-10-12T02:15:53","slug":"karijera","status":"publish","type":"page","link":"https:\/\/www.cplaw.rs\/sr\/karijera\/","title":{"rendered":"Karijera"},"content":{"rendered":"\t\t<div data-elementor-type=\"wp-page\" data-elementor-id=\"4271\" class=\"elementor elementor-4271 elementor-2745\">\n\t\t\t\t\t\t<section class=\"elementor-section elementor-top-section elementor-element elementor-element-dd3fcd6 elementor-section-full_width elementor-section-height-min-height elementor-section-height-default elementor-section-items-middle\" data-id=\"dd3fcd6\" data-element_type=\"section\">\n\t\t\t\t\t\t<div class=\"elementor-container elementor-column-gap-default\">\n\t\t\t\t\t<div class=\"elementor-column elementor-col-50 elementor-top-column elementor-element elementor-element-f5ada9c elementor-hidden-tablet elementor-hidden-phone\" data-id=\"f5ada9c\" data-element_type=\"column\">\n\t\t\t<div class=\"elementor-widget-wrap\">\n\t\t\t\t\t\t\t<\/div>\n\t\t<\/div>\n\t\t\t\t<div class=\"elementor-column elementor-col-50 elementor-top-column elementor-element elementor-element-529988f cp-place\" data-id=\"529988f\" data-element_type=\"column\">\n\t\t\t<div class=\"elementor-widget-wrap elementor-element-populated\">\n\t\t\t\t\t\t<div class=\"elementor-element elementor-element-acbffc1 elementor-invisible elementor-widget elementor-widget-image\" data-id=\"acbffc1\" data-element_type=\"widget\" data-settings=\"{&quot;_animation&quot;:&quot;fadeIn&quot;}\" data-widget_type=\"image.default\">\n\t\t\t\t<div class=\"elementor-widget-container\">\n\t\t\t\t\t\t\t\t\t\t\t\t\t\t\t<img fetchpriority=\"high\" decoding=\"async\" width=\"2296\" height=\"1160\" src=\"https:\/\/www.cplaw.rs\/wp-content\/uploads\/2021\/08\/career@2x.jpg\" class=\"attachment-full size-full wp-image-2750\" alt=\"Cvetkovic, Skoko i Jovicic Law office careers\" srcset=\"https:\/\/www.cplaw.rs\/wp-content\/uploads\/2021\/08\/career@2x.jpg 2296w, https:\/\/www.cplaw.rs\/wp-content\/uploads\/2021\/08\/career@2x-300x152.jpg 300w, https:\/\/www.cplaw.rs\/wp-content\/uploads\/2021\/08\/career@2x-1024x517.jpg 1024w, https:\/\/www.cplaw.rs\/wp-content\/uploads\/2021\/08\/career@2x-768x388.jpg 768w, https:\/\/www.cplaw.rs\/wp-content\/uploads\/2021\/08\/career@2x-1536x776.jpg 1536w, https:\/\/www.cplaw.rs\/wp-content\/uploads\/2021\/08\/career@2x-2048x1035.jpg 2048w\" sizes=\"(max-width: 2296px) 100vw, 2296px\" \/>\t\t\t\t\t\t\t\t\t\t\t\t\t\t\t<\/div>\n\t\t\t\t<\/div>\n\t\t\t\t\t<\/div>\n\t\t<\/div>\n\t\t\t\t\t<\/div>\n\t\t<\/section>\n\t\t\t\t<section class=\"elementor-section elementor-top-section elementor-element elementor-element-48608c2 elementor-section-boxed elementor-section-height-default elementor-section-height-default\" data-id=\"48608c2\" data-element_type=\"section\">\n\t\t\t\t\t\t<div class=\"elementor-container elementor-column-gap-default\">\n\t\t\t\t\t<div class=\"elementor-column elementor-col-100 elementor-top-column elementor-element elementor-element-851cea7\" data-id=\"851cea7\" data-element_type=\"column\">\n\t\t\t<div class=\"elementor-widget-wrap elementor-element-populated\">\n\t\t\t\t\t\t<div class=\"elementor-element elementor-element-9aa68aa elementor-invisible elementor-widget elementor-widget-heading\" data-id=\"9aa68aa\" data-element_type=\"widget\" data-settings=\"{&quot;_animation&quot;:&quot;fadeIn&quot;,&quot;_animation_delay&quot;:300}\" data-widget_type=\"heading.default\">\n\t\t\t\t<div class=\"elementor-widget-container\">\n\t\t\t\t\t<h1 class=\"elementor-heading-title elementor-size-default\">Karijera<\/h1>\t\t\t\t<\/div>\n\t\t\t\t<\/div>\n\t\t\t\t\t<\/div>\n\t\t<\/div>\n\t\t\t\t\t<\/div>\n\t\t<\/section>\n\t\t\t\t<section class=\"elementor-section elementor-top-section elementor-element elementor-element-e7461f0 elementor-section-boxed elementor-section-height-default elementor-section-height-default\" data-id=\"e7461f0\" data-element_type=\"section\">\n\t\t\t\t\t\t<div class=\"elementor-container elementor-column-gap-default\">\n\t\t\t\t\t<div class=\"elementor-column elementor-col-100 elementor-top-column elementor-element elementor-element-2de31a6\" data-id=\"2de31a6\" data-element_type=\"column\">\n\t\t\t<div class=\"elementor-widget-wrap elementor-element-populated\">\n\t\t\t\t\t\t<section class=\"elementor-section elementor-inner-section elementor-element elementor-element-86b8a09 elementor-section-boxed elementor-section-height-default elementor-section-height-default\" data-id=\"86b8a09\" data-element_type=\"section\">\n\t\t\t\t\t\t<div class=\"elementor-container elementor-column-gap-default\">\n\t\t\t\t\t<div class=\"elementor-column elementor-col-50 elementor-inner-column elementor-element elementor-element-f5631cb\" data-id=\"f5631cb\" data-element_type=\"column\">\n\t\t\t<div class=\"elementor-widget-wrap elementor-element-populated\">\n\t\t\t\t\t\t<div class=\"elementor-element elementor-element-6e4a283 elementor-widget__width-auto elementor-widget-divider--view-line elementor-widget elementor-widget-divider\" data-id=\"6e4a283\" data-element_type=\"widget\" data-widget_type=\"divider.default\">\n\t\t\t\t<div class=\"elementor-widget-container\">\n\t\t\t\t\t\t\t<div class=\"elementor-divider\">\n\t\t\t<span class=\"elementor-divider-separator\">\n\t\t\t\t\t\t<\/span>\n\t\t<\/div>\n\t\t\t\t\t\t<\/div>\n\t\t\t\t<\/div>\n\t\t\t\t<div class=\"elementor-element elementor-element-9543201 elementor-widget__width-auto elementor-widget elementor-widget-heading\" data-id=\"9543201\" data-element_type=\"widget\" data-widget_type=\"heading.default\">\n\t\t\t\t<div class=\"elementor-widget-container\">\n\t\t\t\t\t<div class=\"elementor-heading-title elementor-size-default\">Pridru\u017eite nam se<\/div>\t\t\t\t<\/div>\n\t\t\t\t<\/div>\n\t\t\t\t\t<\/div>\n\t\t<\/div>\n\t\t\t\t<div class=\"elementor-column elementor-col-50 elementor-inner-column elementor-element elementor-element-97db04d\" data-id=\"97db04d\" data-element_type=\"column\">\n\t\t\t<div class=\"elementor-widget-wrap elementor-element-populated\">\n\t\t\t\t\t\t<div class=\"elementor-element elementor-element-2e48065 elementor-widget elementor-widget-text-editor\" data-id=\"2e48065\" data-element_type=\"widget\" data-widget_type=\"text-editor.default\">\n\t\t\t\t<div class=\"elementor-widget-container\">\n\t\t\t\t\t\t\t\t\t<p>Akademski nivo je va\u017ean, ali je usled prirode na\u0161eg posla, neophodno da posedujete odli\u010dno poznavanje govornog i pisanog engleskog jezika.<\/p>\t\t\t\t\t\t\t\t<\/div>\n\t\t\t\t<\/div>\n\t\t\t\t<div class=\"elementor-element elementor-element-ef639ca elementor-widget elementor-widget-text-editor\" data-id=\"ef639ca\" data-element_type=\"widget\" data-widget_type=\"text-editor.default\">\n\t\t\t\t<div class=\"elementor-widget-container\">\n\t\t\t\t\t\t\t\t\t<p>Akademski nivo je va\u017ean, ali je usled prirode na\u0161eg posla, neophodno da posedujete odli\u010dno poznavanje govornog i pisanog engleskog jezika.<\/p><p>Bilo da imate iskustva ili ste tek na po\u010detku karijere morate imati \u017eelju za dokazivanjem, da detaljno poznajete zakone, kao i da imate sposobnost da radite u razli\u010ditim oblastima prava.<\/p><p>Pored toga, tra\u017eimo ljude koji su timski radnici, koji ostvaruju dobru saradnju i komunikaciju sa kolegama i klijentima, a sve u cilju postizanja dobrih rezultata pod pritiskom.<\/p><p>Ukoliko vidite sebe u ovakvom poslovnom okru\u017eenju, pozivamo vas da nam po\u0161aljete svoj CV i kratko motivaciono pismo.<\/p>\t\t\t\t\t\t\t\t<\/div>\n\t\t\t\t<\/div>\n\t\t\t\t\t<\/div>\n\t\t<\/div>\n\t\t\t\t\t<\/div>\n\t\t<\/section>\n\t\t\t\t<section class=\"elementor-section elementor-inner-section elementor-element elementor-element-e730fe4 elementor-section-boxed elementor-section-height-default elementor-section-height-default\" data-id=\"e730fe4\" data-element_type=\"section\">\n\t\t\t\t\t\t<div class=\"elementor-container elementor-column-gap-default\">\n\t\t\t\t\t<div class=\"elementor-column elementor-col-50 elementor-inner-column elementor-element elementor-element-dd9803a\" data-id=\"dd9803a\" data-element_type=\"column\">\n\t\t\t<div class=\"elementor-widget-wrap elementor-element-populated\">\n\t\t\t\t\t\t<div class=\"elementor-element elementor-element-72ace09 elementor-widget__width-auto elementor-widget-divider--view-line elementor-widget elementor-widget-divider\" data-id=\"72ace09\" data-element_type=\"widget\" data-widget_type=\"divider.default\">\n\t\t\t\t<div class=\"elementor-widget-container\">\n\t\t\t\t\t\t\t<div class=\"elementor-divider\">\n\t\t\t<span class=\"elementor-divider-separator\">\n\t\t\t\t\t\t<\/span>\n\t\t<\/div>\n\t\t\t\t\t\t<\/div>\n\t\t\t\t<\/div>\n\t\t\t\t<div class=\"elementor-element elementor-element-f23622b elementor-widget__width-auto elementor-widget elementor-widget-heading\" data-id=\"f23622b\" data-element_type=\"widget\" data-widget_type=\"heading.default\">\n\t\t\t\t<div class=\"elementor-widget-container\">\n\t\t\t\t\t<div class=\"elementor-heading-title elementor-size-default\">Prijavite se<\/div>\t\t\t\t<\/div>\n\t\t\t\t<\/div>\n\t\t\t\t\t<\/div>\n\t\t<\/div>\n\t\t\t\t<div class=\"elementor-column elementor-col-50 elementor-inner-column elementor-element elementor-element-f70106e\" data-id=\"f70106e\" data-element_type=\"column\">\n\t\t\t<div class=\"elementor-widget-wrap\">\n\t\t\t\t\t\t\t<\/div>\n\t\t<\/div>\n\t\t\t\t\t<\/div>\n\t\t<\/section>\n\t\t\t\t\t<\/div>\n\t\t<\/div>\n\t\t\t\t\t<\/div>\n\t\t<\/section>\n\t\t\t\t<\/div>\n\t\t","protected":false},"excerpt":{"rendered":"<p>Karijera Pridru\u017eite nam se Akademski nivo je va\u017ean, ali je usled prirode na\u0161eg posla, neophodno da posedujete odli\u010dno poznavanje govornog i pisanog engleskog jezika. Akademski nivo je va\u017ean, ali je usled prirode na\u0161eg posla, neophodno da posedujete odli\u010dno poznavanje govornog i pisanog engleskog jezika. Bilo da imate iskustva ili ste tek na po\u010detku karijere morate [&hellip;]<\/p>\n","protected":false},"author":1,"featured_media":0,"parent":0,"menu_order":0,"comment_status":"closed","ping_status":"closed","template":"","meta":{"footnotes":""},"class_list":["post-4271","page","type-page","status-publish","hentry"],"yoast_head":"<!-- This site is optimized with the Yoast SEO plugin v27.3 - https:\/\/yoast.com\/product\/yoast-seo-wordpress\/ -->\n<title>Karijera &#8212; CSJ Law Office<\/title>\n<meta name=\"robots\" content=\"index, follow, max-snippet:-1, max-image-preview:large, max-video-preview:-1\" \/>\n<link rel=\"canonical\" href=\"https:\/\/www.cplaw.rs\/sr\/karijera\/\" \/>\n<meta property=\"og:locale\" content=\"sr_RS\" \/>\n<meta property=\"og:type\" content=\"article\" \/>\n<meta property=\"og:title\" content=\"Karijera &#8212; CSJ Law Office\" \/>\n<meta property=\"og:description\" content=\"Karijera Pridru\u017eite nam se Akademski nivo je va\u017ean, ali je usled prirode na\u0161eg posla, neophodno da posedujete odli\u010dno poznavanje govornog i pisanog engleskog jezika. Akademski nivo je va\u017ean, ali je usled prirode na\u0161eg posla, neophodno da posedujete odli\u010dno poznavanje govornog i pisanog engleskog jezika. Bilo da imate iskustva ili ste tek na po\u010detku karijere morate [&hellip;]\" \/>\n<meta property=\"og:url\" content=\"https:\/\/www.cplaw.rs\/sr\/karijera\/\" \/>\n<meta property=\"og:site_name\" content=\"CSJ Law Office\" \/>\n<meta property=\"article:modified_time\" content=\"2021-10-12T02:15:53+00:00\" \/>\n<meta property=\"og:image\" content=\"https:\/\/www.cplaw.rs\/wp-content\/uploads\/2021\/08\/career@2x.jpg\" \/>\n<meta name=\"twitter:card\" content=\"summary_large_image\" \/>\n<meta name=\"twitter:label1\" content=\"Procenjeno vreme \u010ditanja\" \/>\n\t<meta name=\"twitter:data1\" content=\"1 minut\" \/>\n<script type=\"application\/ld+json\" class=\"yoast-schema-graph\">{\"@context\":\"https:\\\/\\\/schema.org\",\"@graph\":[{\"@type\":\"WebPage\",\"@id\":\"https:\\\/\\\/www.cplaw.rs\\\/sr\\\/karijera\\\/\",\"url\":\"https:\\\/\\\/www.cplaw.rs\\\/sr\\\/karijera\\\/\",\"name\":\"Karijera &#8212; CSJ Law Office\",\"isPartOf\":{\"@id\":\"https:\\\/\\\/www.cplaw.rs\\\/#website\"},\"primaryImageOfPage\":{\"@id\":\"https:\\\/\\\/www.cplaw.rs\\\/sr\\\/karijera\\\/#primaryimage\"},\"image\":{\"@id\":\"https:\\\/\\\/www.cplaw.rs\\\/sr\\\/karijera\\\/#primaryimage\"},\"thumbnailUrl\":\"https:\\\/\\\/www.cplaw.rs\\\/wp-content\\\/uploads\\\/2021\\\/08\\\/career@2x.jpg\",\"datePublished\":\"2021-08-07T20:53:48+00:00\",\"dateModified\":\"2021-10-12T02:15:53+00:00\",\"breadcrumb\":{\"@id\":\"https:\\\/\\\/www.cplaw.rs\\\/sr\\\/karijera\\\/#breadcrumb\"},\"inLanguage\":\"sr-RS\",\"potentialAction\":[{\"@type\":\"ReadAction\",\"target\":[\"https:\\\/\\\/www.cplaw.rs\\\/sr\\\/karijera\\\/\"]}]},{\"@type\":\"ImageObject\",\"inLanguage\":\"sr-RS\",\"@id\":\"https:\\\/\\\/www.cplaw.rs\\\/sr\\\/karijera\\\/#primaryimage\",\"url\":\"https:\\\/\\\/www.cplaw.rs\\\/wp-content\\\/uploads\\\/2021\\\/08\\\/career@2x.jpg\",\"contentUrl\":\"https:\\\/\\\/www.cplaw.rs\\\/wp-content\\\/uploads\\\/2021\\\/08\\\/career@2x.jpg\"},{\"@type\":\"BreadcrumbList\",\"@id\":\"https:\\\/\\\/www.cplaw.rs\\\/sr\\\/karijera\\\/#breadcrumb\",\"itemListElement\":[{\"@type\":\"ListItem\",\"position\":1,\"name\":\"Home\",\"item\":\"https:\\\/\\\/www.cplaw.rs\\\/\"},{\"@type\":\"ListItem\",\"position\":2,\"name\":\"Karijera\"}]},{\"@type\":\"WebSite\",\"@id\":\"https:\\\/\\\/www.cplaw.rs\\\/#website\",\"url\":\"https:\\\/\\\/www.cplaw.rs\\\/\",\"name\":\"CPJ Law Office\",\"description\":\"The leading Serbia Law Office\",\"publisher\":{\"@id\":\"https:\\\/\\\/www.cplaw.rs\\\/#organization\"},\"potentialAction\":[{\"@type\":\"SearchAction\",\"target\":{\"@type\":\"EntryPoint\",\"urlTemplate\":\"https:\\\/\\\/www.cplaw.rs\\\/?s={search_term_string}\"},\"query-input\":{\"@type\":\"PropertyValueSpecification\",\"valueRequired\":true,\"valueName\":\"search_term_string\"}}],\"inLanguage\":\"sr-RS\"},{\"@type\":\"Organization\",\"@id\":\"https:\\\/\\\/www.cplaw.rs\\\/#organization\",\"name\":\"CSJ Law Office\",\"url\":\"https:\\\/\\\/www.cplaw.rs\\\/\",\"logo\":{\"@type\":\"ImageObject\",\"inLanguage\":\"sr-RS\",\"@id\":\"https:\\\/\\\/www.cplaw.rs\\\/#\\\/schema\\\/logo\\\/image\\\/\",\"url\":\"https:\\\/\\\/www.cplaw.rs\\\/wp-content\\\/uploads\\\/2021\\\/07\\\/cplaw-logo-footer.svg\",\"contentUrl\":\"https:\\\/\\\/www.cplaw.rs\\\/wp-content\\\/uploads\\\/2021\\\/07\\\/cplaw-logo-footer.svg\",\"width\":1,\"height\":1,\"caption\":\"CSJ Law Office\"},\"image\":{\"@id\":\"https:\\\/\\\/www.cplaw.rs\\\/#\\\/schema\\\/logo\\\/image\\\/\"}}]}<\/script>\n<!-- \/ Yoast SEO plugin. -->","yoast_head_json":{"title":"Karijera &#8212; CSJ Law Office","robots":{"index":"index","follow":"follow","max-snippet":"max-snippet:-1","max-image-preview":"max-image-preview:large","max-video-preview":"max-video-preview:-1"},"canonical":"https:\/\/www.cplaw.rs\/sr\/karijera\/","og_locale":"sr_RS","og_type":"article","og_title":"Karijera &#8212; CSJ Law Office","og_description":"Karijera Pridru\u017eite nam se Akademski nivo je va\u017ean, ali je usled prirode na\u0161eg posla, neophodno da posedujete odli\u010dno poznavanje govornog i pisanog engleskog jezika. Akademski nivo je va\u017ean, ali je usled prirode na\u0161eg posla, neophodno da posedujete odli\u010dno poznavanje govornog i pisanog engleskog jezika. Bilo da imate iskustva ili ste tek na po\u010detku karijere morate [&hellip;]","og_url":"https:\/\/www.cplaw.rs\/sr\/karijera\/","og_site_name":"CSJ Law Office","article_modified_time":"2021-10-12T02:15:53+00:00","og_image":[{"url":"https:\/\/www.cplaw.rs\/wp-content\/uploads\/2021\/08\/career@2x.jpg","type":"","width":"","height":""}],"twitter_card":"summary_large_image","twitter_misc":{"Procenjeno vreme \u010ditanja":"1 minut"},"schema":{"@context":"https:\/\/schema.org","@graph":[{"@type":"WebPage","@id":"https:\/\/www.cplaw.rs\/sr\/karijera\/","url":"https:\/\/www.cplaw.rs\/sr\/karijera\/","name":"Karijera &#8212; CSJ Law Office","isPartOf":{"@id":"https:\/\/www.cplaw.rs\/#website"},"primaryImageOfPage":{"@id":"https:\/\/www.cplaw.rs\/sr\/karijera\/#primaryimage"},"image":{"@id":"https:\/\/www.cplaw.rs\/sr\/karijera\/#primaryimage"},"thumbnailUrl":"https:\/\/www.cplaw.rs\/wp-content\/uploads\/2021\/08\/career@2x.jpg","datePublished":"2021-08-07T20:53:48+00:00","dateModified":"2021-10-12T02:15:53+00:00","breadcrumb":{"@id":"https:\/\/www.cplaw.rs\/sr\/karijera\/#breadcrumb"},"inLanguage":"sr-RS","potentialAction":[{"@type":"ReadAction","target":["https:\/\/www.cplaw.rs\/sr\/karijera\/"]}]},{"@type":"ImageObject","inLanguage":"sr-RS","@id":"https:\/\/www.cplaw.rs\/sr\/karijera\/#primaryimage","url":"https:\/\/www.cplaw.rs\/wp-content\/uploads\/2021\/08\/career@2x.jpg","contentUrl":"https:\/\/www.cplaw.rs\/wp-content\/uploads\/2021\/08\/career@2x.jpg"},{"@type":"BreadcrumbList","@id":"https:\/\/www.cplaw.rs\/sr\/karijera\/#breadcrumb","itemListElement":[{"@type":"ListItem","position":1,"name":"Home","item":"https:\/\/www.cplaw.rs\/"},{"@type":"ListItem","position":2,"name":"Karijera"}]},{"@type":"WebSite","@id":"https:\/\/www.cplaw.rs\/#website","url":"https:\/\/www.cplaw.rs\/","name":"CPJ Law Office","description":"The leading Serbia Law Office","publisher":{"@id":"https:\/\/www.cplaw.rs\/#organization"},"potentialAction":[{"@type":"SearchAction","target":{"@type":"EntryPoint","urlTemplate":"https:\/\/www.cplaw.rs\/?s={search_term_string}"},"query-input":{"@type":"PropertyValueSpecification","valueRequired":true,"valueName":"search_term_string"}}],"inLanguage":"sr-RS"},{"@type":"Organization","@id":"https:\/\/www.cplaw.rs\/#organization","name":"CSJ Law Office","url":"https:\/\/www.cplaw.rs\/","logo":{"@type":"ImageObject","inLanguage":"sr-RS","@id":"https:\/\/www.cplaw.rs\/#\/schema\/logo\/image\/","url":"https:\/\/www.cplaw.rs\/wp-content\/uploads\/2021\/07\/cplaw-logo-footer.svg","contentUrl":"https:\/\/www.cplaw.rs\/wp-content\/uploads\/2021\/07\/cplaw-logo-footer.svg","width":1,"height":1,"caption":"CSJ Law Office"},"image":{"@id":"https:\/\/www.cplaw.rs\/#\/schema\/logo\/image\/"}}]}},"_links":{"self":[{"href":"https:\/\/www.cplaw.rs\/sr\/wp-json\/wp\/v2\/pages\/4271","targetHints":{"allow":["GET"]}}],"collection":[{"href":"https:\/\/www.cplaw.rs\/sr\/wp-json\/wp\/v2\/pages"}],"about":[{"href":"https:\/\/www.cplaw.rs\/sr\/wp-json\/wp\/v2\/types\/page"}],"author":[{"embeddable":true,"href":"https:\/\/www.cplaw.rs\/sr\/wp-json\/wp\/v2\/users\/1"}],"replies":[{"embeddable":true,"href":"https:\/\/www.cplaw.rs\/sr\/wp-json\/wp\/v2\/comments?post=4271"}],"version-history":[{"count":0,"href":"https:\/\/www.cplaw.rs\/sr\/wp-json\/wp\/v2\/pages\/4271\/revisions"}],"wp:attachment":[{"href":"https:\/\/www.cplaw.rs\/sr\/wp-json\/wp\/v2\/media?parent=4271"}],"curies":[{"name":"wp","href":"https:\/\/api.w.org\/{rel}","templated":true}]}}