{"id":4129,"date":"2021-09-30T15:25:05","date_gmt":"2021-09-30T15:25:05","guid":{"rendered":"https:\/\/www.cplaw.rs\/oblasti\/retail-leisure\/"},"modified":"2021-10-07T22:13:42","modified_gmt":"2021-10-07T22:13:42","slug":"retail-leisure","status":"publish","type":"page","link":"https:\/\/www.cplaw.rs\/sr\/industrije\/retail-leisure\/","title":{"rendered":"Retail &#038; Leisure"},"content":{"rendered":"\t\t<div data-elementor-type=\"wp-page\" data-elementor-id=\"4129\" class=\"elementor elementor-4129 elementor-3466\">\n\t\t\t\t\t\t<section class=\"elementor-section elementor-top-section elementor-element elementor-element-beec32c elementor-section-full_width elementor-section-height-min-height elementor-section-height-default elementor-section-items-middle\" data-id=\"beec32c\" data-element_type=\"section\">\n\t\t\t\t\t\t<div class=\"elementor-container elementor-column-gap-default\">\n\t\t\t\t\t<div class=\"elementor-column elementor-col-50 elementor-top-column elementor-element elementor-element-1876d40 elementor-hidden-tablet elementor-hidden-phone\" data-id=\"1876d40\" data-element_type=\"column\">\n\t\t\t<div class=\"elementor-widget-wrap\">\n\t\t\t\t\t\t\t<\/div>\n\t\t<\/div>\n\t\t\t\t<div class=\"elementor-column elementor-col-50 elementor-top-column elementor-element elementor-element-6d32cf9 cp-place\" data-id=\"6d32cf9\" data-element_type=\"column\">\n\t\t\t<div class=\"elementor-widget-wrap elementor-element-populated\">\n\t\t\t\t\t\t<div class=\"elementor-element elementor-element-af5dd5b elementor-invisible elementor-widget elementor-widget-image\" data-id=\"af5dd5b\" data-element_type=\"widget\" data-settings=\"{&quot;_animation&quot;:&quot;fadeIn&quot;}\" data-widget_type=\"image.default\">\n\t\t\t\t<div class=\"elementor-widget-container\">\n\t\t\t\t\t\t\t\t\t\t\t\t\t\t\t<img fetchpriority=\"high\" decoding=\"async\" width=\"2294\" height=\"1160\" src=\"https:\/\/www.cplaw.rs\/wp-content\/uploads\/2021\/09\/retail@2x.jpg\" class=\"attachment-full size-full wp-image-3539\" alt=\"\" srcset=\"https:\/\/www.cplaw.rs\/wp-content\/uploads\/2021\/09\/retail@2x.jpg 2294w, https:\/\/www.cplaw.rs\/wp-content\/uploads\/2021\/09\/retail@2x-300x152.jpg 300w, https:\/\/www.cplaw.rs\/wp-content\/uploads\/2021\/09\/retail@2x-1024x518.jpg 1024w, https:\/\/www.cplaw.rs\/wp-content\/uploads\/2021\/09\/retail@2x-768x388.jpg 768w, https:\/\/www.cplaw.rs\/wp-content\/uploads\/2021\/09\/retail@2x-1536x777.jpg 1536w, https:\/\/www.cplaw.rs\/wp-content\/uploads\/2021\/09\/retail@2x-2048x1036.jpg 2048w\" sizes=\"(max-width: 2294px) 100vw, 2294px\" \/>\t\t\t\t\t\t\t\t\t\t\t\t\t\t\t<\/div>\n\t\t\t\t<\/div>\n\t\t\t\t\t<\/div>\n\t\t<\/div>\n\t\t\t\t\t<\/div>\n\t\t<\/section>\n\t\t\t\t<section class=\"elementor-section elementor-top-section elementor-element elementor-element-a21dcd4 elementor-section-boxed elementor-section-height-default elementor-section-height-default\" data-id=\"a21dcd4\" data-element_type=\"section\">\n\t\t\t\t\t\t<div class=\"elementor-container elementor-column-gap-default\">\n\t\t\t\t\t<div class=\"elementor-column elementor-col-100 elementor-top-column elementor-element elementor-element-0931999\" data-id=\"0931999\" data-element_type=\"column\">\n\t\t\t<div class=\"elementor-widget-wrap elementor-element-populated\">\n\t\t\t\t\t\t<div class=\"elementor-element elementor-element-6dc6df8 elementor-invisible elementor-widget elementor-widget-heading\" data-id=\"6dc6df8\" data-element_type=\"widget\" data-settings=\"{&quot;_animation&quot;:&quot;fadeIn&quot;,&quot;_animation_delay&quot;:300}\" data-widget_type=\"heading.default\">\n\t\t\t\t<div class=\"elementor-widget-container\">\n\t\t\t\t\t<h1 class=\"elementor-heading-title elementor-size-default\">Retail &amp; Leisure<\/h1>\t\t\t\t<\/div>\n\t\t\t\t<\/div>\n\t\t\t\t\t<\/div>\n\t\t<\/div>\n\t\t\t\t\t<\/div>\n\t\t<\/section>\n\t\t\t\t<section class=\"elementor-section elementor-top-section elementor-element elementor-element-19d7b68 elementor-section-boxed elementor-section-height-default elementor-section-height-default\" data-id=\"19d7b68\" data-element_type=\"section\">\n\t\t\t\t\t\t<div class=\"elementor-container elementor-column-gap-default\">\n\t\t\t\t\t<div class=\"elementor-column elementor-col-100 elementor-top-column elementor-element elementor-element-e6207c9\" data-id=\"e6207c9\" data-element_type=\"column\">\n\t\t\t<div class=\"elementor-widget-wrap elementor-element-populated\">\n\t\t\t\t\t\t<section class=\"elementor-section elementor-inner-section elementor-element elementor-element-5faa674 elementor-section-boxed elementor-section-height-default elementor-section-height-default\" data-id=\"5faa674\" data-element_type=\"section\">\n\t\t\t\t\t\t<div class=\"elementor-container elementor-column-gap-default\">\n\t\t\t\t\t<div class=\"elementor-column elementor-col-100 elementor-inner-column elementor-element elementor-element-c830017\" data-id=\"c830017\" data-element_type=\"column\">\n\t\t\t<div class=\"elementor-widget-wrap elementor-element-populated\">\n\t\t\t\t\t\t<div class=\"elementor-element elementor-element-32c7178 elementor-widget elementor-widget-text-editor\" data-id=\"32c7178\" data-element_type=\"widget\" data-widget_type=\"text-editor.default\">\n\t\t\t\t<div class=\"elementor-widget-container\">\n\t\t\t\t\t\t\t\t\t<p>Na\u0161a kancelarija savetuje jednog od najistaknutijih klijenata u sektorima maloprodaje i zabave i poseduje iscrpno iskustvo, posebno kada je re\u010d o zna\u010dajnim kompleksima me\u0161ovite namene koji obuhvataju maloprodajne i ugostiteljske objekte, kao i objekte namenjeni zabavi i slobodnom vremenu.<\/p>\t\t\t\t\t\t\t\t<\/div>\n\t\t\t\t<\/div>\n\t\t\t\t<div class=\"elementor-element elementor-element-b03e3e9 elementor-widget elementor-widget-text-editor\" data-id=\"b03e3e9\" data-element_type=\"widget\" data-widget_type=\"text-editor.default\">\n\t\t\t\t<div class=\"elementor-widget-container\">\n\t\t\t\t\t\t\t\t\t<p>CSJ tim ima dugogodi\u0161nje iskustvo u savetovanju uprave tr\u017enih centara, obavljaju\u0107i funkciju glavnog savetnika najistaknutijih maloprodajnih i trgova\u010dkih centara \u0161irom zemlje. Na\u0161 pristup maloprodajnim klijentima je multidisciplinaran i na svakodnevnom nivou. Pru\u017eamo im \u010ditav niz pravnih usluga, predvi\u0111aju\u0107i i uspe\u0161no odgovaraju\u0107i na svakodnevne potrebe i zahteve na\u0161ih klijenata.<\/p>\t\t\t\t\t\t\t\t<\/div>\n\t\t\t\t<\/div>\n\t\t\t\t\t<\/div>\n\t\t<\/div>\n\t\t\t\t\t<\/div>\n\t\t<\/section>\n\t\t\t\t\t<\/div>\n\t\t<\/div>\n\t\t\t\t\t<\/div>\n\t\t<\/section>\n\t\t\t\t<section class=\"elementor-section elementor-top-section elementor-element elementor-element-5184526 elementor-section-full_width elementor-section-height-default elementor-section-height-default\" data-id=\"5184526\" data-element_type=\"section\">\n\t\t\t\t\t\t<div class=\"elementor-container elementor-column-gap-default\">\n\t\t\t\t\t<div class=\"elementor-column elementor-col-100 elementor-top-column elementor-element elementor-element-3e7db71\" data-id=\"3e7db71\" data-element_type=\"column\">\n\t\t\t<div class=\"elementor-widget-wrap\">\n\t\t\t\t\t\t\t<\/div>\n\t\t<\/div>\n\t\t\t\t\t<\/div>\n\t\t<\/section>\n\t\t\t\t<\/div>\n\t\t","protected":false},"excerpt":{"rendered":"<p>Retail &amp; Leisure Na\u0161a kancelarija savetuje jednog od najistaknutijih klijenata u sektorima maloprodaje i zabave i poseduje iscrpno iskustvo, posebno kada je re\u010d o zna\u010dajnim kompleksima me\u0161ovite namene koji obuhvataju maloprodajne i ugostiteljske objekte, kao i objekte namenjeni zabavi i slobodnom vremenu. CSJ tim ima dugogodi\u0161nje iskustvo u savetovanju uprave tr\u017enih centara, obavljaju\u0107i funkciju glavnog [&hellip;]<\/p>\n","protected":false},"author":1,"featured_media":0,"parent":4217,"menu_order":0,"comment_status":"closed","ping_status":"closed","template":"","meta":{"footnotes":""},"class_list":["post-4129","page","type-page","status-publish","hentry"],"yoast_head":"<!-- This site is optimized with the Yoast SEO plugin v27.5 - https:\/\/yoast.com\/product\/yoast-seo-wordpress\/ -->\n<title>Retail &amp; Leisure &#8212; CSJ Law Office<\/title>\n<meta name=\"robots\" content=\"index, follow, max-snippet:-1, max-image-preview:large, max-video-preview:-1\" \/>\n<link rel=\"canonical\" href=\"https:\/\/www.cplaw.rs\/sr\/industrije\/retail-leisure\/\" \/>\n<meta property=\"og:locale\" content=\"sr_RS\" \/>\n<meta property=\"og:type\" content=\"article\" \/>\n<meta property=\"og:title\" content=\"Retail &amp; Leisure &#8212; CSJ Law Office\" \/>\n<meta property=\"og:description\" content=\"Retail &amp; Leisure Na\u0161a kancelarija savetuje jednog od najistaknutijih klijenata u sektorima maloprodaje i zabave i poseduje iscrpno iskustvo, posebno kada je re\u010d o zna\u010dajnim kompleksima me\u0161ovite namene koji obuhvataju maloprodajne i ugostiteljske objekte, kao i objekte namenjeni zabavi i slobodnom vremenu. CSJ tim ima dugogodi\u0161nje iskustvo u savetovanju uprave tr\u017enih centara, obavljaju\u0107i funkciju glavnog [&hellip;]\" \/>\n<meta property=\"og:url\" content=\"https:\/\/www.cplaw.rs\/sr\/industrije\/retail-leisure\/\" \/>\n<meta property=\"og:site_name\" content=\"CSJ Law Office\" \/>\n<meta property=\"article:modified_time\" content=\"2021-10-07T22:13:42+00:00\" \/>\n<meta property=\"og:image\" content=\"https:\/\/www.cplaw.rs\/wp-content\/uploads\/2021\/09\/retail@2x.jpg\" \/>\n<meta name=\"twitter:card\" content=\"summary_large_image\" \/>\n<meta name=\"twitter:label1\" content=\"Procenjeno vreme \u010ditanja\" \/>\n\t<meta name=\"twitter:data1\" content=\"1 minut\" \/>\n<script type=\"application\/ld+json\" class=\"yoast-schema-graph\">{\"@context\":\"https:\\\/\\\/schema.org\",\"@graph\":[{\"@type\":\"WebPage\",\"@id\":\"https:\\\/\\\/www.cplaw.rs\\\/sr\\\/industrije\\\/retail-leisure\\\/\",\"url\":\"https:\\\/\\\/www.cplaw.rs\\\/sr\\\/industrije\\\/retail-leisure\\\/\",\"name\":\"Retail & Leisure &#8212; CSJ Law Office\",\"isPartOf\":{\"@id\":\"https:\\\/\\\/www.cplaw.rs\\\/#website\"},\"primaryImageOfPage\":{\"@id\":\"https:\\\/\\\/www.cplaw.rs\\\/sr\\\/industrije\\\/retail-leisure\\\/#primaryimage\"},\"image\":{\"@id\":\"https:\\\/\\\/www.cplaw.rs\\\/sr\\\/industrije\\\/retail-leisure\\\/#primaryimage\"},\"thumbnailUrl\":\"https:\\\/\\\/www.cplaw.rs\\\/wp-content\\\/uploads\\\/2021\\\/09\\\/retail@2x.jpg\",\"datePublished\":\"2021-09-30T15:25:05+00:00\",\"dateModified\":\"2021-10-07T22:13:42+00:00\",\"breadcrumb\":{\"@id\":\"https:\\\/\\\/www.cplaw.rs\\\/sr\\\/industrije\\\/retail-leisure\\\/#breadcrumb\"},\"inLanguage\":\"sr-RS\",\"potentialAction\":[{\"@type\":\"ReadAction\",\"target\":[\"https:\\\/\\\/www.cplaw.rs\\\/sr\\\/industrije\\\/retail-leisure\\\/\"]}]},{\"@type\":\"ImageObject\",\"inLanguage\":\"sr-RS\",\"@id\":\"https:\\\/\\\/www.cplaw.rs\\\/sr\\\/industrije\\\/retail-leisure\\\/#primaryimage\",\"url\":\"https:\\\/\\\/www.cplaw.rs\\\/wp-content\\\/uploads\\\/2021\\\/09\\\/retail@2x.jpg\",\"contentUrl\":\"https:\\\/\\\/www.cplaw.rs\\\/wp-content\\\/uploads\\\/2021\\\/09\\\/retail@2x.jpg\"},{\"@type\":\"BreadcrumbList\",\"@id\":\"https:\\\/\\\/www.cplaw.rs\\\/sr\\\/industrije\\\/retail-leisure\\\/#breadcrumb\",\"itemListElement\":[{\"@type\":\"ListItem\",\"position\":1,\"name\":\"Home\",\"item\":\"https:\\\/\\\/www.cplaw.rs\\\/\"},{\"@type\":\"ListItem\",\"position\":2,\"name\":\"Industrije\",\"item\":\"https:\\\/\\\/www.cplaw.rs\\\/sr\\\/industrije\\\/\"},{\"@type\":\"ListItem\",\"position\":3,\"name\":\"Retail &#038; Leisure\"}]},{\"@type\":\"WebSite\",\"@id\":\"https:\\\/\\\/www.cplaw.rs\\\/#website\",\"url\":\"https:\\\/\\\/www.cplaw.rs\\\/\",\"name\":\"CPJ Law Office\",\"description\":\"The leading Serbia Law Office\",\"publisher\":{\"@id\":\"https:\\\/\\\/www.cplaw.rs\\\/#organization\"},\"potentialAction\":[{\"@type\":\"SearchAction\",\"target\":{\"@type\":\"EntryPoint\",\"urlTemplate\":\"https:\\\/\\\/www.cplaw.rs\\\/?s={search_term_string}\"},\"query-input\":{\"@type\":\"PropertyValueSpecification\",\"valueRequired\":true,\"valueName\":\"search_term_string\"}}],\"inLanguage\":\"sr-RS\"},{\"@type\":\"Organization\",\"@id\":\"https:\\\/\\\/www.cplaw.rs\\\/#organization\",\"name\":\"CSJ Law Office\",\"url\":\"https:\\\/\\\/www.cplaw.rs\\\/\",\"logo\":{\"@type\":\"ImageObject\",\"inLanguage\":\"sr-RS\",\"@id\":\"https:\\\/\\\/www.cplaw.rs\\\/#\\\/schema\\\/logo\\\/image\\\/\",\"url\":\"https:\\\/\\\/www.cplaw.rs\\\/wp-content\\\/uploads\\\/2021\\\/07\\\/cplaw-logo-footer.svg\",\"contentUrl\":\"https:\\\/\\\/www.cplaw.rs\\\/wp-content\\\/uploads\\\/2021\\\/07\\\/cplaw-logo-footer.svg\",\"width\":1,\"height\":1,\"caption\":\"CSJ Law Office\"},\"image\":{\"@id\":\"https:\\\/\\\/www.cplaw.rs\\\/#\\\/schema\\\/logo\\\/image\\\/\"}}]}<\/script>\n<!-- \/ Yoast SEO plugin. -->","yoast_head_json":{"title":"Retail & Leisure &#8212; CSJ Law Office","robots":{"index":"index","follow":"follow","max-snippet":"max-snippet:-1","max-image-preview":"max-image-preview:large","max-video-preview":"max-video-preview:-1"},"canonical":"https:\/\/www.cplaw.rs\/sr\/industrije\/retail-leisure\/","og_locale":"sr_RS","og_type":"article","og_title":"Retail & Leisure &#8212; CSJ Law Office","og_description":"Retail &amp; Leisure Na\u0161a kancelarija savetuje jednog od najistaknutijih klijenata u sektorima maloprodaje i zabave i poseduje iscrpno iskustvo, posebno kada je re\u010d o zna\u010dajnim kompleksima me\u0161ovite namene koji obuhvataju maloprodajne i ugostiteljske objekte, kao i objekte namenjeni zabavi i slobodnom vremenu. CSJ tim ima dugogodi\u0161nje iskustvo u savetovanju uprave tr\u017enih centara, obavljaju\u0107i funkciju glavnog [&hellip;]","og_url":"https:\/\/www.cplaw.rs\/sr\/industrije\/retail-leisure\/","og_site_name":"CSJ Law Office","article_modified_time":"2021-10-07T22:13:42+00:00","og_image":[{"url":"https:\/\/www.cplaw.rs\/wp-content\/uploads\/2021\/09\/retail@2x.jpg","type":"","width":"","height":""}],"twitter_card":"summary_large_image","twitter_misc":{"Procenjeno vreme \u010ditanja":"1 minut"},"schema":{"@context":"https:\/\/schema.org","@graph":[{"@type":"WebPage","@id":"https:\/\/www.cplaw.rs\/sr\/industrije\/retail-leisure\/","url":"https:\/\/www.cplaw.rs\/sr\/industrije\/retail-leisure\/","name":"Retail & Leisure &#8212; CSJ Law Office","isPartOf":{"@id":"https:\/\/www.cplaw.rs\/#website"},"primaryImageOfPage":{"@id":"https:\/\/www.cplaw.rs\/sr\/industrije\/retail-leisure\/#primaryimage"},"image":{"@id":"https:\/\/www.cplaw.rs\/sr\/industrije\/retail-leisure\/#primaryimage"},"thumbnailUrl":"https:\/\/www.cplaw.rs\/wp-content\/uploads\/2021\/09\/retail@2x.jpg","datePublished":"2021-09-30T15:25:05+00:00","dateModified":"2021-10-07T22:13:42+00:00","breadcrumb":{"@id":"https:\/\/www.cplaw.rs\/sr\/industrije\/retail-leisure\/#breadcrumb"},"inLanguage":"sr-RS","potentialAction":[{"@type":"ReadAction","target":["https:\/\/www.cplaw.rs\/sr\/industrije\/retail-leisure\/"]}]},{"@type":"ImageObject","inLanguage":"sr-RS","@id":"https:\/\/www.cplaw.rs\/sr\/industrije\/retail-leisure\/#primaryimage","url":"https:\/\/www.cplaw.rs\/wp-content\/uploads\/2021\/09\/retail@2x.jpg","contentUrl":"https:\/\/www.cplaw.rs\/wp-content\/uploads\/2021\/09\/retail@2x.jpg"},{"@type":"BreadcrumbList","@id":"https:\/\/www.cplaw.rs\/sr\/industrije\/retail-leisure\/#breadcrumb","itemListElement":[{"@type":"ListItem","position":1,"name":"Home","item":"https:\/\/www.cplaw.rs\/"},{"@type":"ListItem","position":2,"name":"Industrije","item":"https:\/\/www.cplaw.rs\/sr\/industrije\/"},{"@type":"ListItem","position":3,"name":"Retail &#038; Leisure"}]},{"@type":"WebSite","@id":"https:\/\/www.cplaw.rs\/#website","url":"https:\/\/www.cplaw.rs\/","name":"CPJ Law Office","description":"The leading Serbia Law Office","publisher":{"@id":"https:\/\/www.cplaw.rs\/#organization"},"potentialAction":[{"@type":"SearchAction","target":{"@type":"EntryPoint","urlTemplate":"https:\/\/www.cplaw.rs\/?s={search_term_string}"},"query-input":{"@type":"PropertyValueSpecification","valueRequired":true,"valueName":"search_term_string"}}],"inLanguage":"sr-RS"},{"@type":"Organization","@id":"https:\/\/www.cplaw.rs\/#organization","name":"CSJ Law Office","url":"https:\/\/www.cplaw.rs\/","logo":{"@type":"ImageObject","inLanguage":"sr-RS","@id":"https:\/\/www.cplaw.rs\/#\/schema\/logo\/image\/","url":"https:\/\/www.cplaw.rs\/wp-content\/uploads\/2021\/07\/cplaw-logo-footer.svg","contentUrl":"https:\/\/www.cplaw.rs\/wp-content\/uploads\/2021\/07\/cplaw-logo-footer.svg","width":1,"height":1,"caption":"CSJ Law Office"},"image":{"@id":"https:\/\/www.cplaw.rs\/#\/schema\/logo\/image\/"}}]}},"_links":{"self":[{"href":"https:\/\/www.cplaw.rs\/sr\/wp-json\/wp\/v2\/pages\/4129","targetHints":{"allow":["GET"]}}],"collection":[{"href":"https:\/\/www.cplaw.rs\/sr\/wp-json\/wp\/v2\/pages"}],"about":[{"href":"https:\/\/www.cplaw.rs\/sr\/wp-json\/wp\/v2\/types\/page"}],"author":[{"embeddable":true,"href":"https:\/\/www.cplaw.rs\/sr\/wp-json\/wp\/v2\/users\/1"}],"replies":[{"embeddable":true,"href":"https:\/\/www.cplaw.rs\/sr\/wp-json\/wp\/v2\/comments?post=4129"}],"version-history":[{"count":0,"href":"https:\/\/www.cplaw.rs\/sr\/wp-json\/wp\/v2\/pages\/4129\/revisions"}],"up":[{"embeddable":true,"href":"https:\/\/www.cplaw.rs\/sr\/wp-json\/wp\/v2\/pages\/4217"}],"wp:attachment":[{"href":"https:\/\/www.cplaw.rs\/sr\/wp-json\/wp\/v2\/media?parent=4129"}],"curies":[{"name":"wp","href":"https:\/\/api.w.org\/{rel}","templated":true}]}}