{"id":4077,"date":"2021-09-28T23:21:05","date_gmt":"2021-09-28T21:21:05","guid":{"rendered":"https:\/\/www.cplaw.rs\/oblasti\/data-protection-privacy\/"},"modified":"2021-10-26T16:00:55","modified_gmt":"2021-10-26T14:00:55","slug":"zastita-podataka-i-privatnosti","status":"publish","type":"page","link":"https:\/\/www.cplaw.rs\/sr\/oblasti\/zastita-podataka-i-privatnosti\/","title":{"rendered":"Za\u0161tita podataka i privatnosti"},"content":{"rendered":"\t\t<div data-elementor-type=\"wp-page\" data-elementor-id=\"4077\" class=\"elementor elementor-4077 elementor-3400\">\n\t\t\t\t\t\t<section class=\"elementor-section elementor-top-section elementor-element elementor-element-beec32c elementor-section-full_width elementor-section-height-min-height elementor-section-height-default elementor-section-items-middle\" data-id=\"beec32c\" data-element_type=\"section\">\n\t\t\t\t\t\t<div class=\"elementor-container elementor-column-gap-default\">\n\t\t\t\t\t<div class=\"elementor-column elementor-col-50 elementor-top-column elementor-element elementor-element-1876d40 elementor-hidden-tablet elementor-hidden-phone\" data-id=\"1876d40\" data-element_type=\"column\">\n\t\t\t<div class=\"elementor-widget-wrap\">\n\t\t\t\t\t\t\t<\/div>\n\t\t<\/div>\n\t\t\t\t<div class=\"elementor-column elementor-col-50 elementor-top-column elementor-element elementor-element-6d32cf9 cp-place\" data-id=\"6d32cf9\" data-element_type=\"column\">\n\t\t\t<div class=\"elementor-widget-wrap elementor-element-populated\">\n\t\t\t\t\t\t<div class=\"elementor-element elementor-element-af5dd5b elementor-invisible elementor-widget elementor-widget-image\" data-id=\"af5dd5b\" data-element_type=\"widget\" data-settings=\"{&quot;_animation&quot;:&quot;fadeIn&quot;}\" data-widget_type=\"image.default\">\n\t\t\t\t<div class=\"elementor-widget-container\">\n\t\t\t\t\t\t\t\t\t\t\t\t\t\t\t<img fetchpriority=\"high\" decoding=\"async\" width=\"2294\" height=\"1160\" src=\"https:\/\/www.cplaw.rs\/wp-content\/uploads\/2021\/09\/data-protection@2x.jpg\" class=\"attachment-full size-full wp-image-3499\" alt=\"\" srcset=\"https:\/\/www.cplaw.rs\/wp-content\/uploads\/2021\/09\/data-protection@2x.jpg 2294w, https:\/\/www.cplaw.rs\/wp-content\/uploads\/2021\/09\/data-protection@2x-300x152.jpg 300w, https:\/\/www.cplaw.rs\/wp-content\/uploads\/2021\/09\/data-protection@2x-1024x518.jpg 1024w, https:\/\/www.cplaw.rs\/wp-content\/uploads\/2021\/09\/data-protection@2x-768x388.jpg 768w, https:\/\/www.cplaw.rs\/wp-content\/uploads\/2021\/09\/data-protection@2x-1536x777.jpg 1536w, https:\/\/www.cplaw.rs\/wp-content\/uploads\/2021\/09\/data-protection@2x-2048x1036.jpg 2048w\" sizes=\"(max-width: 2294px) 100vw, 2294px\" \/>\t\t\t\t\t\t\t\t\t\t\t\t\t\t\t<\/div>\n\t\t\t\t<\/div>\n\t\t\t\t\t<\/div>\n\t\t<\/div>\n\t\t\t\t\t<\/div>\n\t\t<\/section>\n\t\t\t\t<section class=\"elementor-section elementor-top-section elementor-element elementor-element-a21dcd4 elementor-section-boxed elementor-section-height-default elementor-section-height-default\" data-id=\"a21dcd4\" data-element_type=\"section\">\n\t\t\t\t\t\t<div class=\"elementor-container elementor-column-gap-default\">\n\t\t\t\t\t<div class=\"elementor-column elementor-col-100 elementor-top-column elementor-element elementor-element-0931999\" data-id=\"0931999\" data-element_type=\"column\">\n\t\t\t<div class=\"elementor-widget-wrap elementor-element-populated\">\n\t\t\t\t\t\t<div class=\"elementor-element elementor-element-6dc6df8 elementor-invisible elementor-widget elementor-widget-heading\" data-id=\"6dc6df8\" data-element_type=\"widget\" data-settings=\"{&quot;_animation&quot;:&quot;fadeIn&quot;,&quot;_animation_delay&quot;:300}\" data-widget_type=\"heading.default\">\n\t\t\t\t<div class=\"elementor-widget-container\">\n\t\t\t\t\t<h1 class=\"elementor-heading-title elementor-size-default\">Za\u0161tita podataka i privatnosti<\/h1>\t\t\t\t<\/div>\n\t\t\t\t<\/div>\n\t\t\t\t\t<\/div>\n\t\t<\/div>\n\t\t\t\t\t<\/div>\n\t\t<\/section>\n\t\t\t\t<section class=\"elementor-section elementor-top-section elementor-element elementor-element-19d7b68 elementor-section-boxed elementor-section-height-default elementor-section-height-default\" data-id=\"19d7b68\" data-element_type=\"section\">\n\t\t\t\t\t\t<div class=\"elementor-container elementor-column-gap-default\">\n\t\t\t\t\t<div class=\"elementor-column elementor-col-100 elementor-top-column elementor-element elementor-element-e6207c9\" data-id=\"e6207c9\" data-element_type=\"column\">\n\t\t\t<div class=\"elementor-widget-wrap elementor-element-populated\">\n\t\t\t\t\t\t<section class=\"elementor-section elementor-inner-section elementor-element elementor-element-5faa674 elementor-section-boxed elementor-section-height-default elementor-section-height-default\" data-id=\"5faa674\" data-element_type=\"section\">\n\t\t\t\t\t\t<div class=\"elementor-container elementor-column-gap-default\">\n\t\t\t\t\t<div class=\"elementor-column elementor-col-100 elementor-inner-column elementor-element elementor-element-c830017\" data-id=\"c830017\" data-element_type=\"column\">\n\t\t\t<div class=\"elementor-widget-wrap elementor-element-populated\">\n\t\t\t\t\t\t<div class=\"elementor-element elementor-element-32c7178 elementor-widget elementor-widget-text-editor\" data-id=\"32c7178\" data-element_type=\"widget\" data-widget_type=\"text-editor.default\">\n\t\t\t\t<div class=\"elementor-widget-container\">\n\t\t\t\t\t\t\t\t\t<p>CSJ radi na uskla\u0111ivanju poslovanja na\u0161ih klijenata sa obavezama koje propisuje GDPR i lokalni Zakon o za\u0161titi podataka, kao i na razvoju politika privatnosti i uslova kori\u0161\u0107enja, pripremajuc\u0301i ih da odgovore na ozbiljne pravne i finansijske rizike koje name\u0107u rastu\u0107e obaveze za\u0161tite podataka i privatnosti.<\/p>\t\t\t\t\t\t\t\t<\/div>\n\t\t\t\t<\/div>\n\t\t\t\t<div class=\"elementor-element elementor-element-b03e3e9 elementor-widget elementor-widget-text-editor\" data-id=\"b03e3e9\" data-element_type=\"widget\" data-widget_type=\"text-editor.default\">\n\t\t\t\t<div class=\"elementor-widget-container\">\n\t\t\t\t\t\t\t\t\t<p>Poma\u017eemo im da predvide izazove, oblikuju svoje strategije i fokusiraju se na poslovna i pravna pitanja i politike koje se ti\u010du privatnosti i sajber bezbednosti.<\/p><p>Pored toga, na\u0161e iscrpno poznavanje zakona i propisa koji ure\u0111uju za\u0161titu podataka, uskla\u0111enost upravljanja podacima i bezbednost informacija omogu\u0107avaju nam da pomognemo klijentima postupaju u skladu sa slo\u017eenim procedurama koje donose vladina i regulatorna tela.<\/p>\t\t\t\t\t\t\t\t<\/div>\n\t\t\t\t<\/div>\n\t\t\t\t\t<\/div>\n\t\t<\/div>\n\t\t\t\t\t<\/div>\n\t\t<\/section>\n\t\t\t\t\t<\/div>\n\t\t<\/div>\n\t\t\t\t\t<\/div>\n\t\t<\/section>\n\t\t\t\t<section class=\"elementor-section elementor-top-section elementor-element elementor-element-5184526 elementor-section-full_width elementor-section-height-default elementor-section-height-default\" data-id=\"5184526\" data-element_type=\"section\">\n\t\t\t\t\t\t<div class=\"elementor-container elementor-column-gap-default\">\n\t\t\t\t\t<div class=\"elementor-column elementor-col-100 elementor-top-column elementor-element elementor-element-3e7db71\" data-id=\"3e7db71\" data-element_type=\"column\">\n\t\t\t<div class=\"elementor-widget-wrap\">\n\t\t\t\t\t\t\t<\/div>\n\t\t<\/div>\n\t\t\t\t\t<\/div>\n\t\t<\/section>\n\t\t\t\t<\/div>\n\t\t","protected":false},"excerpt":{"rendered":"<p>Za\u0161tita podataka i privatnosti CSJ radi na uskla\u0111ivanju poslovanja na\u0161ih klijenata sa obavezama koje propisuje GDPR i lokalni Zakon o za\u0161titi podataka, kao i na razvoju politika privatnosti i uslova kori\u0161\u0107enja, pripremajuc\u0301i ih da odgovore na ozbiljne pravne i finansijske rizike koje name\u0107u rastu\u0107e obaveze za\u0161tite podataka i privatnosti. Poma\u017eemo im da predvide izazove, oblikuju [&hellip;]<\/p>\n","protected":false},"author":1,"featured_media":0,"parent":4036,"menu_order":0,"comment_status":"closed","ping_status":"closed","template":"","meta":{"footnotes":""},"class_list":["post-4077","page","type-page","status-publish","hentry"],"yoast_head":"<!-- This site is optimized with the Yoast SEO plugin v27.4 - https:\/\/yoast.com\/product\/yoast-seo-wordpress\/ -->\n<title>Za\u0161tita podataka i privatnosti &#8212; CSJ Law Office<\/title>\n<meta name=\"robots\" content=\"index, follow, max-snippet:-1, max-image-preview:large, max-video-preview:-1\" \/>\n<link rel=\"canonical\" href=\"https:\/\/www.cplaw.rs\/sr\/oblasti\/zastita-podataka-i-privatnosti\/\" \/>\n<meta property=\"og:locale\" content=\"sr_RS\" \/>\n<meta property=\"og:type\" content=\"article\" \/>\n<meta property=\"og:title\" content=\"Za\u0161tita podataka i privatnosti &#8212; CSJ Law Office\" \/>\n<meta property=\"og:description\" content=\"Za\u0161tita podataka i privatnosti CSJ radi na uskla\u0111ivanju poslovanja na\u0161ih klijenata sa obavezama koje propisuje GDPR i lokalni Zakon o za\u0161titi podataka, kao i na razvoju politika privatnosti i uslova kori\u0161\u0107enja, pripremajuc\u0301i ih da odgovore na ozbiljne pravne i finansijske rizike koje name\u0107u rastu\u0107e obaveze za\u0161tite podataka i privatnosti. Poma\u017eemo im da predvide izazove, oblikuju [&hellip;]\" \/>\n<meta property=\"og:url\" content=\"https:\/\/www.cplaw.rs\/sr\/oblasti\/zastita-podataka-i-privatnosti\/\" \/>\n<meta property=\"og:site_name\" content=\"CSJ Law Office\" \/>\n<meta property=\"article:modified_time\" content=\"2021-10-26T14:00:55+00:00\" \/>\n<meta property=\"og:image\" content=\"https:\/\/www.cplaw.rs\/wp-content\/uploads\/2021\/09\/data-protection@2x.jpg\" \/>\n<meta name=\"twitter:card\" content=\"summary_large_image\" \/>\n<meta name=\"twitter:label1\" content=\"Procenjeno vreme \u010ditanja\" \/>\n\t<meta name=\"twitter:data1\" content=\"1 minut\" \/>\n<script type=\"application\/ld+json\" class=\"yoast-schema-graph\">{\"@context\":\"https:\\\/\\\/schema.org\",\"@graph\":[{\"@type\":\"WebPage\",\"@id\":\"https:\\\/\\\/www.cplaw.rs\\\/sr\\\/oblasti\\\/zastita-podataka-i-privatnosti\\\/\",\"url\":\"https:\\\/\\\/www.cplaw.rs\\\/sr\\\/oblasti\\\/zastita-podataka-i-privatnosti\\\/\",\"name\":\"Za\u0161tita podataka i privatnosti &#8212; CSJ Law Office\",\"isPartOf\":{\"@id\":\"https:\\\/\\\/www.cplaw.rs\\\/#website\"},\"primaryImageOfPage\":{\"@id\":\"https:\\\/\\\/www.cplaw.rs\\\/sr\\\/oblasti\\\/zastita-podataka-i-privatnosti\\\/#primaryimage\"},\"image\":{\"@id\":\"https:\\\/\\\/www.cplaw.rs\\\/sr\\\/oblasti\\\/zastita-podataka-i-privatnosti\\\/#primaryimage\"},\"thumbnailUrl\":\"https:\\\/\\\/www.cplaw.rs\\\/wp-content\\\/uploads\\\/2021\\\/09\\\/data-protection@2x.jpg\",\"datePublished\":\"2021-09-28T21:21:05+00:00\",\"dateModified\":\"2021-10-26T14:00:55+00:00\",\"breadcrumb\":{\"@id\":\"https:\\\/\\\/www.cplaw.rs\\\/sr\\\/oblasti\\\/zastita-podataka-i-privatnosti\\\/#breadcrumb\"},\"inLanguage\":\"sr-RS\",\"potentialAction\":[{\"@type\":\"ReadAction\",\"target\":[\"https:\\\/\\\/www.cplaw.rs\\\/sr\\\/oblasti\\\/zastita-podataka-i-privatnosti\\\/\"]}]},{\"@type\":\"ImageObject\",\"inLanguage\":\"sr-RS\",\"@id\":\"https:\\\/\\\/www.cplaw.rs\\\/sr\\\/oblasti\\\/zastita-podataka-i-privatnosti\\\/#primaryimage\",\"url\":\"https:\\\/\\\/www.cplaw.rs\\\/wp-content\\\/uploads\\\/2021\\\/09\\\/data-protection@2x.jpg\",\"contentUrl\":\"https:\\\/\\\/www.cplaw.rs\\\/wp-content\\\/uploads\\\/2021\\\/09\\\/data-protection@2x.jpg\"},{\"@type\":\"BreadcrumbList\",\"@id\":\"https:\\\/\\\/www.cplaw.rs\\\/sr\\\/oblasti\\\/zastita-podataka-i-privatnosti\\\/#breadcrumb\",\"itemListElement\":[{\"@type\":\"ListItem\",\"position\":1,\"name\":\"Home\",\"item\":\"https:\\\/\\\/www.cplaw.rs\\\/\"},{\"@type\":\"ListItem\",\"position\":2,\"name\":\"Oblasti\",\"item\":\"https:\\\/\\\/www.cplaw.rs\\\/sr\\\/oblasti\\\/\"},{\"@type\":\"ListItem\",\"position\":3,\"name\":\"Za\u0161tita podataka i privatnosti\"}]},{\"@type\":\"WebSite\",\"@id\":\"https:\\\/\\\/www.cplaw.rs\\\/#website\",\"url\":\"https:\\\/\\\/www.cplaw.rs\\\/\",\"name\":\"CPJ Law Office\",\"description\":\"The leading Serbia Law Office\",\"publisher\":{\"@id\":\"https:\\\/\\\/www.cplaw.rs\\\/#organization\"},\"potentialAction\":[{\"@type\":\"SearchAction\",\"target\":{\"@type\":\"EntryPoint\",\"urlTemplate\":\"https:\\\/\\\/www.cplaw.rs\\\/?s={search_term_string}\"},\"query-input\":{\"@type\":\"PropertyValueSpecification\",\"valueRequired\":true,\"valueName\":\"search_term_string\"}}],\"inLanguage\":\"sr-RS\"},{\"@type\":\"Organization\",\"@id\":\"https:\\\/\\\/www.cplaw.rs\\\/#organization\",\"name\":\"CSJ Law Office\",\"url\":\"https:\\\/\\\/www.cplaw.rs\\\/\",\"logo\":{\"@type\":\"ImageObject\",\"inLanguage\":\"sr-RS\",\"@id\":\"https:\\\/\\\/www.cplaw.rs\\\/#\\\/schema\\\/logo\\\/image\\\/\",\"url\":\"https:\\\/\\\/www.cplaw.rs\\\/wp-content\\\/uploads\\\/2021\\\/07\\\/cplaw-logo-footer.svg\",\"contentUrl\":\"https:\\\/\\\/www.cplaw.rs\\\/wp-content\\\/uploads\\\/2021\\\/07\\\/cplaw-logo-footer.svg\",\"width\":1,\"height\":1,\"caption\":\"CSJ Law Office\"},\"image\":{\"@id\":\"https:\\\/\\\/www.cplaw.rs\\\/#\\\/schema\\\/logo\\\/image\\\/\"}}]}<\/script>\n<!-- \/ Yoast SEO plugin. -->","yoast_head_json":{"title":"Za\u0161tita podataka i privatnosti &#8212; CSJ Law Office","robots":{"index":"index","follow":"follow","max-snippet":"max-snippet:-1","max-image-preview":"max-image-preview:large","max-video-preview":"max-video-preview:-1"},"canonical":"https:\/\/www.cplaw.rs\/sr\/oblasti\/zastita-podataka-i-privatnosti\/","og_locale":"sr_RS","og_type":"article","og_title":"Za\u0161tita podataka i privatnosti &#8212; CSJ Law Office","og_description":"Za\u0161tita podataka i privatnosti CSJ radi na uskla\u0111ivanju poslovanja na\u0161ih klijenata sa obavezama koje propisuje GDPR i lokalni Zakon o za\u0161titi podataka, kao i na razvoju politika privatnosti i uslova kori\u0161\u0107enja, pripremajuc\u0301i ih da odgovore na ozbiljne pravne i finansijske rizike koje name\u0107u rastu\u0107e obaveze za\u0161tite podataka i privatnosti. Poma\u017eemo im da predvide izazove, oblikuju [&hellip;]","og_url":"https:\/\/www.cplaw.rs\/sr\/oblasti\/zastita-podataka-i-privatnosti\/","og_site_name":"CSJ Law Office","article_modified_time":"2021-10-26T14:00:55+00:00","og_image":[{"url":"https:\/\/www.cplaw.rs\/wp-content\/uploads\/2021\/09\/data-protection@2x.jpg","type":"","width":"","height":""}],"twitter_card":"summary_large_image","twitter_misc":{"Procenjeno vreme \u010ditanja":"1 minut"},"schema":{"@context":"https:\/\/schema.org","@graph":[{"@type":"WebPage","@id":"https:\/\/www.cplaw.rs\/sr\/oblasti\/zastita-podataka-i-privatnosti\/","url":"https:\/\/www.cplaw.rs\/sr\/oblasti\/zastita-podataka-i-privatnosti\/","name":"Za\u0161tita podataka i privatnosti &#8212; CSJ Law Office","isPartOf":{"@id":"https:\/\/www.cplaw.rs\/#website"},"primaryImageOfPage":{"@id":"https:\/\/www.cplaw.rs\/sr\/oblasti\/zastita-podataka-i-privatnosti\/#primaryimage"},"image":{"@id":"https:\/\/www.cplaw.rs\/sr\/oblasti\/zastita-podataka-i-privatnosti\/#primaryimage"},"thumbnailUrl":"https:\/\/www.cplaw.rs\/wp-content\/uploads\/2021\/09\/data-protection@2x.jpg","datePublished":"2021-09-28T21:21:05+00:00","dateModified":"2021-10-26T14:00:55+00:00","breadcrumb":{"@id":"https:\/\/www.cplaw.rs\/sr\/oblasti\/zastita-podataka-i-privatnosti\/#breadcrumb"},"inLanguage":"sr-RS","potentialAction":[{"@type":"ReadAction","target":["https:\/\/www.cplaw.rs\/sr\/oblasti\/zastita-podataka-i-privatnosti\/"]}]},{"@type":"ImageObject","inLanguage":"sr-RS","@id":"https:\/\/www.cplaw.rs\/sr\/oblasti\/zastita-podataka-i-privatnosti\/#primaryimage","url":"https:\/\/www.cplaw.rs\/wp-content\/uploads\/2021\/09\/data-protection@2x.jpg","contentUrl":"https:\/\/www.cplaw.rs\/wp-content\/uploads\/2021\/09\/data-protection@2x.jpg"},{"@type":"BreadcrumbList","@id":"https:\/\/www.cplaw.rs\/sr\/oblasti\/zastita-podataka-i-privatnosti\/#breadcrumb","itemListElement":[{"@type":"ListItem","position":1,"name":"Home","item":"https:\/\/www.cplaw.rs\/"},{"@type":"ListItem","position":2,"name":"Oblasti","item":"https:\/\/www.cplaw.rs\/sr\/oblasti\/"},{"@type":"ListItem","position":3,"name":"Za\u0161tita podataka i privatnosti"}]},{"@type":"WebSite","@id":"https:\/\/www.cplaw.rs\/#website","url":"https:\/\/www.cplaw.rs\/","name":"CPJ Law Office","description":"The leading Serbia Law Office","publisher":{"@id":"https:\/\/www.cplaw.rs\/#organization"},"potentialAction":[{"@type":"SearchAction","target":{"@type":"EntryPoint","urlTemplate":"https:\/\/www.cplaw.rs\/?s={search_term_string}"},"query-input":{"@type":"PropertyValueSpecification","valueRequired":true,"valueName":"search_term_string"}}],"inLanguage":"sr-RS"},{"@type":"Organization","@id":"https:\/\/www.cplaw.rs\/#organization","name":"CSJ Law Office","url":"https:\/\/www.cplaw.rs\/","logo":{"@type":"ImageObject","inLanguage":"sr-RS","@id":"https:\/\/www.cplaw.rs\/#\/schema\/logo\/image\/","url":"https:\/\/www.cplaw.rs\/wp-content\/uploads\/2021\/07\/cplaw-logo-footer.svg","contentUrl":"https:\/\/www.cplaw.rs\/wp-content\/uploads\/2021\/07\/cplaw-logo-footer.svg","width":1,"height":1,"caption":"CSJ Law Office"},"image":{"@id":"https:\/\/www.cplaw.rs\/#\/schema\/logo\/image\/"}}]}},"_links":{"self":[{"href":"https:\/\/www.cplaw.rs\/sr\/wp-json\/wp\/v2\/pages\/4077","targetHints":{"allow":["GET"]}}],"collection":[{"href":"https:\/\/www.cplaw.rs\/sr\/wp-json\/wp\/v2\/pages"}],"about":[{"href":"https:\/\/www.cplaw.rs\/sr\/wp-json\/wp\/v2\/types\/page"}],"author":[{"embeddable":true,"href":"https:\/\/www.cplaw.rs\/sr\/wp-json\/wp\/v2\/users\/1"}],"replies":[{"embeddable":true,"href":"https:\/\/www.cplaw.rs\/sr\/wp-json\/wp\/v2\/comments?post=4077"}],"version-history":[{"count":0,"href":"https:\/\/www.cplaw.rs\/sr\/wp-json\/wp\/v2\/pages\/4077\/revisions"}],"up":[{"embeddable":true,"href":"https:\/\/www.cplaw.rs\/sr\/wp-json\/wp\/v2\/pages\/4036"}],"wp:attachment":[{"href":"https:\/\/www.cplaw.rs\/sr\/wp-json\/wp\/v2\/media?parent=4077"}],"curies":[{"name":"wp","href":"https:\/\/api.w.org\/{rel}","templated":true}]}}