{"id":3914,"date":"2021-08-05T12:29:35","date_gmt":"2021-08-05T12:29:35","guid":{"rendered":"https:\/\/www.cplaw.rs\/about-us\/"},"modified":"2021-10-07T02:03:48","modified_gmt":"2021-10-07T02:03:48","slug":"o-nama","status":"publish","type":"page","link":"https:\/\/www.cplaw.rs\/sr\/o-nama\/","title":{"rendered":"O nama"},"content":{"rendered":"\t\t<div data-elementor-type=\"wp-page\" data-elementor-id=\"3914\" class=\"elementor elementor-3914 elementor-2519\">\n\t\t\t\t\t\t<section class=\"elementor-section elementor-top-section elementor-element elementor-element-9ec7e7a elementor-section-full_width elementor-section-height-min-height elementor-section-height-default elementor-section-items-middle\" data-id=\"9ec7e7a\" data-element_type=\"section\">\n\t\t\t\t\t\t<div class=\"elementor-container elementor-column-gap-default\">\n\t\t\t\t\t<div class=\"elementor-column elementor-col-50 elementor-top-column elementor-element elementor-element-fa66cb0 elementor-hidden-tablet elementor-hidden-phone\" data-id=\"fa66cb0\" data-element_type=\"column\">\n\t\t\t<div class=\"elementor-widget-wrap\">\n\t\t\t\t\t\t\t<\/div>\n\t\t<\/div>\n\t\t\t\t<div class=\"elementor-column elementor-col-50 elementor-top-column elementor-element elementor-element-b2b895a cp-place\" data-id=\"b2b895a\" data-element_type=\"column\">\n\t\t\t<div class=\"elementor-widget-wrap elementor-element-populated\">\n\t\t\t\t\t\t<div class=\"elementor-element elementor-element-a75a31d elementor-invisible elementor-widget elementor-widget-image\" data-id=\"a75a31d\" data-element_type=\"widget\" data-settings=\"{&quot;_animation&quot;:&quot;fadeIn&quot;}\" data-widget_type=\"image.default\">\n\t\t\t\t<div class=\"elementor-widget-container\">\n\t\t\t\t\t\t\t\t\t\t\t\t\t\t\t<img fetchpriority=\"high\" decoding=\"async\" width=\"2294\" height=\"1160\" src=\"https:\/\/www.cplaw.rs\/wp-content\/uploads\/2021\/08\/about-us-img@2x.jpg\" class=\"attachment-full size-full wp-image-2741\" alt=\"Cvetkovic, Skoko i Jovicic Law office about us\" srcset=\"https:\/\/www.cplaw.rs\/wp-content\/uploads\/2021\/08\/about-us-img@2x.jpg 2294w, https:\/\/www.cplaw.rs\/wp-content\/uploads\/2021\/08\/about-us-img@2x-300x152.jpg 300w, https:\/\/www.cplaw.rs\/wp-content\/uploads\/2021\/08\/about-us-img@2x-1024x518.jpg 1024w, https:\/\/www.cplaw.rs\/wp-content\/uploads\/2021\/08\/about-us-img@2x-768x388.jpg 768w, https:\/\/www.cplaw.rs\/wp-content\/uploads\/2021\/08\/about-us-img@2x-1536x777.jpg 1536w, https:\/\/www.cplaw.rs\/wp-content\/uploads\/2021\/08\/about-us-img@2x-2048x1036.jpg 2048w\" sizes=\"(max-width: 2294px) 100vw, 2294px\" \/>\t\t\t\t\t\t\t\t\t\t\t\t\t\t\t<\/div>\n\t\t\t\t<\/div>\n\t\t\t\t\t<\/div>\n\t\t<\/div>\n\t\t\t\t\t<\/div>\n\t\t<\/section>\n\t\t\t\t<section class=\"elementor-section elementor-top-section elementor-element elementor-element-c95e663 elementor-section-boxed elementor-section-height-default elementor-section-height-default\" data-id=\"c95e663\" data-element_type=\"section\">\n\t\t\t\t\t\t<div class=\"elementor-container elementor-column-gap-default\">\n\t\t\t\t\t<div class=\"elementor-column elementor-col-100 elementor-top-column elementor-element elementor-element-782e181\" data-id=\"782e181\" data-element_type=\"column\">\n\t\t\t<div class=\"elementor-widget-wrap elementor-element-populated\">\n\t\t\t\t\t\t<div class=\"elementor-element elementor-element-1802856 elementor-invisible elementor-widget elementor-widget-heading\" data-id=\"1802856\" data-element_type=\"widget\" data-settings=\"{&quot;_animation&quot;:&quot;fadeIn&quot;,&quot;_animation_delay&quot;:300}\" data-widget_type=\"heading.default\">\n\t\t\t\t<div class=\"elementor-widget-container\">\n\t\t\t\t\t<h1 class=\"elementor-heading-title elementor-size-default\">O nama<\/h1>\t\t\t\t<\/div>\n\t\t\t\t<\/div>\n\t\t\t\t\t<\/div>\n\t\t<\/div>\n\t\t\t\t\t<\/div>\n\t\t<\/section>\n\t\t\t\t<section class=\"elementor-section elementor-top-section elementor-element elementor-element-0cce413 elementor-section-boxed elementor-section-height-default elementor-section-height-default\" data-id=\"0cce413\" data-element_type=\"section\">\n\t\t\t\t\t\t<div class=\"elementor-container elementor-column-gap-default\">\n\t\t\t\t\t<div class=\"elementor-column elementor-col-100 elementor-top-column elementor-element elementor-element-a57dd5b\" data-id=\"a57dd5b\" data-element_type=\"column\">\n\t\t\t<div class=\"elementor-widget-wrap elementor-element-populated\">\n\t\t\t\t\t\t<section class=\"elementor-section elementor-inner-section elementor-element elementor-element-61d5b95 elementor-section-boxed elementor-section-height-default elementor-section-height-default\" data-id=\"61d5b95\" data-element_type=\"section\">\n\t\t\t\t\t\t<div class=\"elementor-container elementor-column-gap-default\">\n\t\t\t\t\t<div class=\"elementor-column elementor-col-50 elementor-inner-column elementor-element elementor-element-fa00e7e\" data-id=\"fa00e7e\" data-element_type=\"column\">\n\t\t\t<div class=\"elementor-widget-wrap elementor-element-populated\">\n\t\t\t\t\t\t<div class=\"elementor-element elementor-element-4b60a8d elementor-widget__width-auto elementor-widget-divider--view-line elementor-widget elementor-widget-divider\" data-id=\"4b60a8d\" data-element_type=\"widget\" data-widget_type=\"divider.default\">\n\t\t\t\t<div class=\"elementor-widget-container\">\n\t\t\t\t\t\t\t<div class=\"elementor-divider\">\n\t\t\t<span class=\"elementor-divider-separator\">\n\t\t\t\t\t\t<\/span>\n\t\t<\/div>\n\t\t\t\t\t\t<\/div>\n\t\t\t\t<\/div>\n\t\t\t\t<div class=\"elementor-element elementor-element-effe1e1 elementor-widget__width-auto elementor-widget elementor-widget-heading\" data-id=\"effe1e1\" data-element_type=\"widget\" data-widget_type=\"heading.default\">\n\t\t\t\t<div class=\"elementor-widget-container\">\n\t\t\t\t\t<div class=\"elementor-heading-title elementor-size-default\">Ko smo<\/div>\t\t\t\t<\/div>\n\t\t\t\t<\/div>\n\t\t\t\t\t<\/div>\n\t\t<\/div>\n\t\t\t\t<div class=\"elementor-column elementor-col-50 elementor-inner-column elementor-element elementor-element-0ad7c52\" data-id=\"0ad7c52\" data-element_type=\"column\">\n\t\t\t<div class=\"elementor-widget-wrap elementor-element-populated\">\n\t\t\t\t\t\t<div class=\"elementor-element elementor-element-8be17c9 elementor-widget elementor-widget-text-editor\" data-id=\"8be17c9\" data-element_type=\"widget\" data-widget_type=\"text-editor.default\">\n\t\t\t\t<div class=\"elementor-widget-container\">\n\t\t\t\t\t\t\t\t\t<p><span style=\"font-weight: 400;\">Posve\u0107enost CSJ u stvaranju poslovno-pravnog ambijenta koji \u0107e na\u0161im klijentima pru\u017eiti visokokvalitetnu i efikasnu profesionalnu pomo\u0107 zasnovanu na poverenju, kao i sveobuhvatnu stru\u010dnu podr\u0161ku u re\u0161avanju kompleksnih pravnih i poslovnih pitanja, donela nam je reputaciju pouzdanog i kvalitetnog pravnog savetnika.<\/span><\/p>\t\t\t\t\t\t\t\t<\/div>\n\t\t\t\t<\/div>\n\t\t\t\t<div class=\"elementor-element elementor-element-869602e elementor-widget elementor-widget-text-editor\" data-id=\"869602e\" data-element_type=\"widget\" data-widget_type=\"text-editor.default\">\n\t\t\t\t<div class=\"elementor-widget-container\">\n\t\t\t\t\t\t\t\t\t<p><span style=\"font-weight: 400;\">Individualnim pristupom svakom klijentu, uz uva\u017eavanje njihovog poslovnog okru\u017eenja i prepoznavanje specifi\u010dnosti njihove poslovne filozofije, neprekidno pro\u0161irujemo svoja znanja i samim tim oboga\u0107ujemo na\u0161e profesionalno i li\u010dno iskustvo.<\/span><\/p>\t\t\t\t\t\t\t\t<\/div>\n\t\t\t\t<\/div>\n\t\t\t\t\t<\/div>\n\t\t<\/div>\n\t\t\t\t\t<\/div>\n\t\t<\/section>\n\t\t\t\t<section class=\"elementor-section elementor-inner-section elementor-element elementor-element-5a34999 elementor-section-boxed elementor-section-height-default elementor-section-height-default\" data-id=\"5a34999\" data-element_type=\"section\">\n\t\t\t\t\t\t<div class=\"elementor-container elementor-column-gap-default\">\n\t\t\t\t\t<div class=\"elementor-column elementor-col-50 elementor-inner-column elementor-element elementor-element-b92d3f3\" data-id=\"b92d3f3\" data-element_type=\"column\">\n\t\t\t<div class=\"elementor-widget-wrap elementor-element-populated\">\n\t\t\t\t\t\t<div class=\"elementor-element elementor-element-0365cdc elementor-widget__width-auto elementor-widget-divider--view-line elementor-widget elementor-widget-divider\" data-id=\"0365cdc\" data-element_type=\"widget\" data-widget_type=\"divider.default\">\n\t\t\t\t<div class=\"elementor-widget-container\">\n\t\t\t\t\t\t\t<div class=\"elementor-divider\">\n\t\t\t<span class=\"elementor-divider-separator\">\n\t\t\t\t\t\t<\/span>\n\t\t<\/div>\n\t\t\t\t\t\t<\/div>\n\t\t\t\t<\/div>\n\t\t\t\t<div class=\"elementor-element elementor-element-a6dcac3 elementor-widget__width-auto elementor-widget elementor-widget-heading\" data-id=\"a6dcac3\" data-element_type=\"widget\" data-widget_type=\"heading.default\">\n\t\t\t\t<div class=\"elementor-widget-container\">\n\t\t\t\t\t<div class=\"elementor-heading-title elementor-size-default\">\u010cime se bavimo<\/div>\t\t\t\t<\/div>\n\t\t\t\t<\/div>\n\t\t\t\t\t<\/div>\n\t\t<\/div>\n\t\t\t\t<div class=\"elementor-column elementor-col-50 elementor-inner-column elementor-element elementor-element-ea383c9\" data-id=\"ea383c9\" data-element_type=\"column\">\n\t\t\t<div class=\"elementor-widget-wrap elementor-element-populated\">\n\t\t\t\t\t\t<div class=\"elementor-element elementor-element-11e786b elementor-widget elementor-widget-text-editor\" data-id=\"11e786b\" data-element_type=\"widget\" data-widget_type=\"text-editor.default\">\n\t\t\t\t<div class=\"elementor-widget-container\">\n\t\t\t\t\t\t\t\t\t<p>Nastojimo da kontinuirano unapre\u0111ujemo kvalitet i raznovrsnost pravnih usluga koje pru\u017eamo<\/p>\t\t\t\t\t\t\t\t<\/div>\n\t\t\t\t<\/div>\n\t\t\t\t<div class=\"elementor-element elementor-element-477d7b7 elementor-widget elementor-widget-text-editor\" data-id=\"477d7b7\" data-element_type=\"widget\" data-widget_type=\"text-editor.default\">\n\t\t\t\t<div class=\"elementor-widget-container\">\n\t\t\t\t\t\t\t\t\t<p><span style=\"font-weight: 400;\">U kontekstu politi\u010dkih i ekonomskih promena, te ubrzanog i donekle haoti\u010dnog procesa stvaranja savremenog normativnog okvira i izgradnje modernijeg poslovnog okru\u017eenja u Srbiji, nastojimo da kontinuirano unapre\u0111ujemo kvalitet i raznovrsnost pravnih usluga koje pru\u017eamo, da budemo efikasni i pouzdani, kao i da odr\u017eavamo organizacionu strukturu koja \u0107e bez izuzetaka uspeti da zadovolji sve zahteve na\u0161ih poslovnih partnera.<\/span><\/p>\t\t\t\t\t\t\t\t<\/div>\n\t\t\t\t<\/div>\n\t\t\t\t\t<\/div>\n\t\t<\/div>\n\t\t\t\t\t<\/div>\n\t\t<\/section>\n\t\t\t\t<section class=\"elementor-section elementor-inner-section elementor-element elementor-element-ec8fb1a elementor-section-boxed elementor-section-height-default elementor-section-height-default\" data-id=\"ec8fb1a\" data-element_type=\"section\">\n\t\t\t\t\t\t<div class=\"elementor-container elementor-column-gap-default\">\n\t\t\t\t\t<div class=\"elementor-column elementor-col-50 elementor-inner-column elementor-element elementor-element-b7bab7f\" data-id=\"b7bab7f\" data-element_type=\"column\">\n\t\t\t<div class=\"elementor-widget-wrap elementor-element-populated\">\n\t\t\t\t\t\t<div class=\"elementor-element elementor-element-e044e97 elementor-widget__width-auto elementor-widget-divider--view-line elementor-widget elementor-widget-divider\" data-id=\"e044e97\" data-element_type=\"widget\" data-widget_type=\"divider.default\">\n\t\t\t\t<div class=\"elementor-widget-container\">\n\t\t\t\t\t\t\t<div class=\"elementor-divider\">\n\t\t\t<span class=\"elementor-divider-separator\">\n\t\t\t\t\t\t<\/span>\n\t\t<\/div>\n\t\t\t\t\t\t<\/div>\n\t\t\t\t<\/div>\n\t\t\t\t<div class=\"elementor-element elementor-element-49aa643 elementor-widget__width-auto elementor-widget elementor-widget-heading\" data-id=\"49aa643\" data-element_type=\"widget\" data-widget_type=\"heading.default\">\n\t\t\t\t<div class=\"elementor-widget-container\">\n\t\t\t\t\t<div class=\"elementor-heading-title elementor-size-default\">Na\u0161 cilj<\/div>\t\t\t\t<\/div>\n\t\t\t\t<\/div>\n\t\t\t\t\t<\/div>\n\t\t<\/div>\n\t\t\t\t<div class=\"elementor-column elementor-col-50 elementor-inner-column elementor-element elementor-element-24fc6d1\" data-id=\"24fc6d1\" data-element_type=\"column\">\n\t\t\t<div class=\"elementor-widget-wrap elementor-element-populated\">\n\t\t\t\t\t\t<div class=\"elementor-element elementor-element-0bfe76c elementor-widget elementor-widget-text-editor\" data-id=\"0bfe76c\" data-element_type=\"widget\" data-widget_type=\"text-editor.default\">\n\t\t\t\t<div class=\"elementor-widget-container\">\n\t\t\t\t\t\t\t\t\t<p><span style=\"font-weight: 400;\">Advokati i saradnici na\u0161e kancelarije poseduju iskustva u razli\u010ditim oblastima prava i industrijama, i odlikuje ih kreativan pristup u pronala\u017eenju inovativnih re\u0161enja koja najbolje odgovaraju potrebama na\u0161ih klijenata.<\/span><\/p>\t\t\t\t\t\t\t\t<\/div>\n\t\t\t\t<\/div>\n\t\t\t\t<div class=\"elementor-element elementor-element-06526a5 elementor-widget elementor-widget-text-editor\" data-id=\"06526a5\" data-element_type=\"widget\" data-widget_type=\"text-editor.default\">\n\t\t\t\t<div class=\"elementor-widget-container\">\n\t\t\t\t\t\t\t\t\t<p><span style=\"font-weight: 400;\">CSJ je posve\u0107en investiranju u talentovane, kreativne i ambiciozne ljude koji se lako prilago\u0111avaju zahtevima profesije i potrebama na\u0161ih klijenata. Verujemo da je klju\u010d uspeha u kombinaciji individualnog razvoja, profesionalnog usavr\u0161avanja i timskog rada, zasnovanim na primeni novih znanja i savremenih tehnologija, kao i negovanju poverenja u odnosima sa klijentima.<\/span><\/p>\t\t\t\t\t\t\t\t<\/div>\n\t\t\t\t<\/div>\n\t\t\t\t\t<\/div>\n\t\t<\/div>\n\t\t\t\t\t<\/div>\n\t\t<\/section>\n\t\t\t\t\t<\/div>\n\t\t<\/div>\n\t\t\t\t\t<\/div>\n\t\t<\/section>\n\t\t\t\t<\/div>\n\t\t","protected":false},"excerpt":{"rendered":"<p>O nama Ko smo Posve\u0107enost CSJ u stvaranju poslovno-pravnog ambijenta koji \u0107e na\u0161im klijentima pru\u017eiti visokokvalitetnu i efikasnu profesionalnu pomo\u0107 zasnovanu na poverenju, kao i sveobuhvatnu stru\u010dnu podr\u0161ku u re\u0161avanju kompleksnih pravnih i poslovnih pitanja, donela nam je reputaciju pouzdanog i kvalitetnog pravnog savetnika. Individualnim pristupom svakom klijentu, uz uva\u017eavanje njihovog poslovnog okru\u017eenja i prepoznavanje [&hellip;]<\/p>\n","protected":false},"author":1,"featured_media":0,"parent":0,"menu_order":0,"comment_status":"closed","ping_status":"closed","template":"","meta":{"footnotes":""},"class_list":["post-3914","page","type-page","status-publish","hentry"],"yoast_head":"<!-- This site is optimized with the Yoast SEO plugin v27.4 - https:\/\/yoast.com\/product\/yoast-seo-wordpress\/ -->\n<title>O nama &#8212; CSJ Law Office<\/title>\n<meta name=\"robots\" content=\"index, follow, max-snippet:-1, max-image-preview:large, max-video-preview:-1\" \/>\n<link rel=\"canonical\" href=\"https:\/\/www.cplaw.rs\/sr\/o-nama\/\" \/>\n<meta property=\"og:locale\" content=\"sr_RS\" \/>\n<meta property=\"og:type\" content=\"article\" \/>\n<meta property=\"og:title\" content=\"O nama &#8212; CSJ Law Office\" \/>\n<meta property=\"og:description\" content=\"O nama Ko smo Posve\u0107enost CSJ u stvaranju poslovno-pravnog ambijenta koji \u0107e na\u0161im klijentima pru\u017eiti visokokvalitetnu i efikasnu profesionalnu pomo\u0107 zasnovanu na poverenju, kao i sveobuhvatnu stru\u010dnu podr\u0161ku u re\u0161avanju kompleksnih pravnih i poslovnih pitanja, donela nam je reputaciju pouzdanog i kvalitetnog pravnog savetnika. Individualnim pristupom svakom klijentu, uz uva\u017eavanje njihovog poslovnog okru\u017eenja i prepoznavanje [&hellip;]\" \/>\n<meta property=\"og:url\" content=\"https:\/\/www.cplaw.rs\/sr\/o-nama\/\" \/>\n<meta property=\"og:site_name\" content=\"CSJ Law Office\" \/>\n<meta property=\"article:modified_time\" content=\"2021-10-07T02:03:48+00:00\" \/>\n<meta property=\"og:image\" content=\"https:\/\/www.cplaw.rs\/wp-content\/uploads\/2021\/08\/about-us-img@2x.jpg\" \/>\n<meta name=\"twitter:card\" content=\"summary_large_image\" \/>\n<meta name=\"twitter:label1\" content=\"Procenjeno vreme \u010ditanja\" \/>\n\t<meta name=\"twitter:data1\" content=\"1 minut\" \/>\n<script type=\"application\/ld+json\" class=\"yoast-schema-graph\">{\"@context\":\"https:\\\/\\\/schema.org\",\"@graph\":[{\"@type\":\"WebPage\",\"@id\":\"https:\\\/\\\/www.cplaw.rs\\\/sr\\\/o-nama\\\/\",\"url\":\"https:\\\/\\\/www.cplaw.rs\\\/sr\\\/o-nama\\\/\",\"name\":\"O nama &#8212; CSJ Law Office\",\"isPartOf\":{\"@id\":\"https:\\\/\\\/www.cplaw.rs\\\/#website\"},\"primaryImageOfPage\":{\"@id\":\"https:\\\/\\\/www.cplaw.rs\\\/sr\\\/o-nama\\\/#primaryimage\"},\"image\":{\"@id\":\"https:\\\/\\\/www.cplaw.rs\\\/sr\\\/o-nama\\\/#primaryimage\"},\"thumbnailUrl\":\"https:\\\/\\\/www.cplaw.rs\\\/wp-content\\\/uploads\\\/2021\\\/08\\\/about-us-img@2x.jpg\",\"datePublished\":\"2021-08-05T12:29:35+00:00\",\"dateModified\":\"2021-10-07T02:03:48+00:00\",\"breadcrumb\":{\"@id\":\"https:\\\/\\\/www.cplaw.rs\\\/sr\\\/o-nama\\\/#breadcrumb\"},\"inLanguage\":\"sr-RS\",\"potentialAction\":[{\"@type\":\"ReadAction\",\"target\":[\"https:\\\/\\\/www.cplaw.rs\\\/sr\\\/o-nama\\\/\"]}]},{\"@type\":\"ImageObject\",\"inLanguage\":\"sr-RS\",\"@id\":\"https:\\\/\\\/www.cplaw.rs\\\/sr\\\/o-nama\\\/#primaryimage\",\"url\":\"https:\\\/\\\/www.cplaw.rs\\\/wp-content\\\/uploads\\\/2021\\\/08\\\/about-us-img@2x.jpg\",\"contentUrl\":\"https:\\\/\\\/www.cplaw.rs\\\/wp-content\\\/uploads\\\/2021\\\/08\\\/about-us-img@2x.jpg\"},{\"@type\":\"BreadcrumbList\",\"@id\":\"https:\\\/\\\/www.cplaw.rs\\\/sr\\\/o-nama\\\/#breadcrumb\",\"itemListElement\":[{\"@type\":\"ListItem\",\"position\":1,\"name\":\"Home\",\"item\":\"https:\\\/\\\/www.cplaw.rs\\\/\"},{\"@type\":\"ListItem\",\"position\":2,\"name\":\"O nama\"}]},{\"@type\":\"WebSite\",\"@id\":\"https:\\\/\\\/www.cplaw.rs\\\/#website\",\"url\":\"https:\\\/\\\/www.cplaw.rs\\\/\",\"name\":\"CPJ Law Office\",\"description\":\"The leading Serbia Law Office\",\"publisher\":{\"@id\":\"https:\\\/\\\/www.cplaw.rs\\\/#organization\"},\"potentialAction\":[{\"@type\":\"SearchAction\",\"target\":{\"@type\":\"EntryPoint\",\"urlTemplate\":\"https:\\\/\\\/www.cplaw.rs\\\/?s={search_term_string}\"},\"query-input\":{\"@type\":\"PropertyValueSpecification\",\"valueRequired\":true,\"valueName\":\"search_term_string\"}}],\"inLanguage\":\"sr-RS\"},{\"@type\":\"Organization\",\"@id\":\"https:\\\/\\\/www.cplaw.rs\\\/#organization\",\"name\":\"CSJ Law Office\",\"url\":\"https:\\\/\\\/www.cplaw.rs\\\/\",\"logo\":{\"@type\":\"ImageObject\",\"inLanguage\":\"sr-RS\",\"@id\":\"https:\\\/\\\/www.cplaw.rs\\\/#\\\/schema\\\/logo\\\/image\\\/\",\"url\":\"https:\\\/\\\/www.cplaw.rs\\\/wp-content\\\/uploads\\\/2021\\\/07\\\/cplaw-logo-footer.svg\",\"contentUrl\":\"https:\\\/\\\/www.cplaw.rs\\\/wp-content\\\/uploads\\\/2021\\\/07\\\/cplaw-logo-footer.svg\",\"width\":1,\"height\":1,\"caption\":\"CSJ Law Office\"},\"image\":{\"@id\":\"https:\\\/\\\/www.cplaw.rs\\\/#\\\/schema\\\/logo\\\/image\\\/\"}}]}<\/script>\n<!-- \/ Yoast SEO plugin. -->","yoast_head_json":{"title":"O nama &#8212; CSJ Law Office","robots":{"index":"index","follow":"follow","max-snippet":"max-snippet:-1","max-image-preview":"max-image-preview:large","max-video-preview":"max-video-preview:-1"},"canonical":"https:\/\/www.cplaw.rs\/sr\/o-nama\/","og_locale":"sr_RS","og_type":"article","og_title":"O nama &#8212; CSJ Law Office","og_description":"O nama Ko smo Posve\u0107enost CSJ u stvaranju poslovno-pravnog ambijenta koji \u0107e na\u0161im klijentima pru\u017eiti visokokvalitetnu i efikasnu profesionalnu pomo\u0107 zasnovanu na poverenju, kao i sveobuhvatnu stru\u010dnu podr\u0161ku u re\u0161avanju kompleksnih pravnih i poslovnih pitanja, donela nam je reputaciju pouzdanog i kvalitetnog pravnog savetnika. Individualnim pristupom svakom klijentu, uz uva\u017eavanje njihovog poslovnog okru\u017eenja i prepoznavanje [&hellip;]","og_url":"https:\/\/www.cplaw.rs\/sr\/o-nama\/","og_site_name":"CSJ Law Office","article_modified_time":"2021-10-07T02:03:48+00:00","og_image":[{"url":"https:\/\/www.cplaw.rs\/wp-content\/uploads\/2021\/08\/about-us-img@2x.jpg","type":"","width":"","height":""}],"twitter_card":"summary_large_image","twitter_misc":{"Procenjeno vreme \u010ditanja":"1 minut"},"schema":{"@context":"https:\/\/schema.org","@graph":[{"@type":"WebPage","@id":"https:\/\/www.cplaw.rs\/sr\/o-nama\/","url":"https:\/\/www.cplaw.rs\/sr\/o-nama\/","name":"O nama &#8212; CSJ Law Office","isPartOf":{"@id":"https:\/\/www.cplaw.rs\/#website"},"primaryImageOfPage":{"@id":"https:\/\/www.cplaw.rs\/sr\/o-nama\/#primaryimage"},"image":{"@id":"https:\/\/www.cplaw.rs\/sr\/o-nama\/#primaryimage"},"thumbnailUrl":"https:\/\/www.cplaw.rs\/wp-content\/uploads\/2021\/08\/about-us-img@2x.jpg","datePublished":"2021-08-05T12:29:35+00:00","dateModified":"2021-10-07T02:03:48+00:00","breadcrumb":{"@id":"https:\/\/www.cplaw.rs\/sr\/o-nama\/#breadcrumb"},"inLanguage":"sr-RS","potentialAction":[{"@type":"ReadAction","target":["https:\/\/www.cplaw.rs\/sr\/o-nama\/"]}]},{"@type":"ImageObject","inLanguage":"sr-RS","@id":"https:\/\/www.cplaw.rs\/sr\/o-nama\/#primaryimage","url":"https:\/\/www.cplaw.rs\/wp-content\/uploads\/2021\/08\/about-us-img@2x.jpg","contentUrl":"https:\/\/www.cplaw.rs\/wp-content\/uploads\/2021\/08\/about-us-img@2x.jpg"},{"@type":"BreadcrumbList","@id":"https:\/\/www.cplaw.rs\/sr\/o-nama\/#breadcrumb","itemListElement":[{"@type":"ListItem","position":1,"name":"Home","item":"https:\/\/www.cplaw.rs\/"},{"@type":"ListItem","position":2,"name":"O nama"}]},{"@type":"WebSite","@id":"https:\/\/www.cplaw.rs\/#website","url":"https:\/\/www.cplaw.rs\/","name":"CPJ Law Office","description":"The leading Serbia Law Office","publisher":{"@id":"https:\/\/www.cplaw.rs\/#organization"},"potentialAction":[{"@type":"SearchAction","target":{"@type":"EntryPoint","urlTemplate":"https:\/\/www.cplaw.rs\/?s={search_term_string}"},"query-input":{"@type":"PropertyValueSpecification","valueRequired":true,"valueName":"search_term_string"}}],"inLanguage":"sr-RS"},{"@type":"Organization","@id":"https:\/\/www.cplaw.rs\/#organization","name":"CSJ Law Office","url":"https:\/\/www.cplaw.rs\/","logo":{"@type":"ImageObject","inLanguage":"sr-RS","@id":"https:\/\/www.cplaw.rs\/#\/schema\/logo\/image\/","url":"https:\/\/www.cplaw.rs\/wp-content\/uploads\/2021\/07\/cplaw-logo-footer.svg","contentUrl":"https:\/\/www.cplaw.rs\/wp-content\/uploads\/2021\/07\/cplaw-logo-footer.svg","width":1,"height":1,"caption":"CSJ Law Office"},"image":{"@id":"https:\/\/www.cplaw.rs\/#\/schema\/logo\/image\/"}}]}},"_links":{"self":[{"href":"https:\/\/www.cplaw.rs\/sr\/wp-json\/wp\/v2\/pages\/3914","targetHints":{"allow":["GET"]}}],"collection":[{"href":"https:\/\/www.cplaw.rs\/sr\/wp-json\/wp\/v2\/pages"}],"about":[{"href":"https:\/\/www.cplaw.rs\/sr\/wp-json\/wp\/v2\/types\/page"}],"author":[{"embeddable":true,"href":"https:\/\/www.cplaw.rs\/sr\/wp-json\/wp\/v2\/users\/1"}],"replies":[{"embeddable":true,"href":"https:\/\/www.cplaw.rs\/sr\/wp-json\/wp\/v2\/comments?post=3914"}],"version-history":[{"count":0,"href":"https:\/\/www.cplaw.rs\/sr\/wp-json\/wp\/v2\/pages\/3914\/revisions"}],"wp:attachment":[{"href":"https:\/\/www.cplaw.rs\/sr\/wp-json\/wp\/v2\/media?parent=3914"}],"curies":[{"name":"wp","href":"https:\/\/api.w.org\/{rel}","templated":true}]}}